{"id":13579,"date":"2026-03-15T10:20:33","date_gmt":"2026-03-15T09:20:33","guid":{"rendered":"https:\/\/aplitecinformatica.com\/blog\/"},"modified":"2026-03-28T17:23:58","modified_gmt":"2026-03-28T16:23:58","slug":"blog","status":"publish","type":"page","link":"https:\/\/aplitecinformatica.com\/es\/blog\/","title":{"rendered":"Blog"},"content":{"rendered":"\t\t<div data-elementor-type=\"wp-page\" data-elementor-id=\"13579\" class=\"elementor elementor-13579 elementor-13494\" data-elementor-post-type=\"page\">\n\t\t\t\t<div class=\"elementor-element elementor-element-2288fb1 e-flex e-con-boxed e-con e-parent\" data-id=\"2288fb1\" data-element_type=\"container\" data-e-type=\"container\" data-settings=\"{&quot;background_background&quot;:&quot;classic&quot;}\">\n\t\t\t\t\t<div class=\"e-con-inner\">\n\t\t<div class=\"elementor-element elementor-element-33ba4b0 e-con-full e-flex elementor-invisible e-con e-child\" data-id=\"33ba4b0\" data-element_type=\"container\" data-e-type=\"container\" data-settings=\"{&quot;animation&quot;:&quot;slideInUp&quot;,&quot;animation_delay&quot;:100}\">\n\t\t<div class=\"elementor-element elementor-element-35d800a e-con-full e-flex e-con e-child\" data-id=\"35d800a\" data-element_type=\"container\" data-e-type=\"container\">\n\t\t\t\t<div class=\"elementor-element elementor-element-7a79614 elementor-widget elementor-widget-heading\" data-id=\"7a79614\" data-element_type=\"widget\" data-e-type=\"widget\" data-widget_type=\"heading.default\">\n\t\t\t\t\t<h1 class=\"elementor-heading-title elementor-size-default\">Blog:<br> <span style=\"font-size:60%;font-weight:400\">Tecnolog\u00eda, ERP y soluciones IT para empresas<\/span><\/h1>\t\t\t\t<\/div>\n\t\t\t\t<div class=\"elementor-element elementor-element-47824b5 elementor-widget__width-initial elementor-widget elementor-widget-text-editor\" data-id=\"47824b5\" data-element_type=\"widget\" data-e-type=\"widget\" data-widget_type=\"text-editor.default\">\n\t\t\t\t\t\t\t\t\t<p>Contenido pr\u00e1ctico sobre tecnolog\u00eda, gesti\u00f3n empresarial y soluciones digitales para pymes y empresas de Gerona.<\/p><p>En el blog de Aplitec compartimos novedades sobre ERP, sistemas TPV, ciberseguridad, dise\u00f1o web y tendencias IT que pueden ayudar a tu negocio a ser m\u00e1s eficiente y competitivo.<\/p>\t\t\t\t\t\t\t\t<\/div>\n\t\t\t\t<\/div>\n\t\t\t\t<\/div>\n\t\t\t\t\t<\/div>\n\t\t\t\t<\/div>\n\t\t<div class=\"elementor-element elementor-element-82f1564 e-flex e-con-boxed e-con e-parent\" data-id=\"82f1564\" data-element_type=\"container\" data-e-type=\"container\">\n\t\t\t\t\t<div class=\"e-con-inner\">\n\t\t\t\t\t<\/div>\n\t\t\t\t<\/div>\n\t\t\t\t<\/div>\n\t\t","protected":false},"excerpt":{"rendered":"<p>Blog: Tecnolog\u00eda, ERP y soluciones IT para empresas Contenido pr\u00e1ctico sobre tecnolog\u00eda, gesti\u00f3n empresarial y soluciones digitales para pymes y empresas de Gerona. En el blog de Aplitec compartimos novedades sobre ERP, sistemas TPV, ciberseguridad, dise\u00f1o web y tendencias IT que pueden ayudar a tu negocio a ser m\u00e1s eficiente y competitivo.<\/p>\n","protected":false},"author":1,"featured_media":14203,"parent":0,"menu_order":0,"comment_status":"closed","ping_status":"closed","template":"","meta":{"footnotes":""},"folder":[52],"class_list":["post-13579","page","type-page","status-publish","has-post-thumbnail","hentry"],"_links":{"self":[{"href":"https:\/\/aplitecinformatica.com\/es\/wp-json\/wp\/v2\/pages\/13579","targetHints":{"allow":["GET"]}}],"collection":[{"href":"https:\/\/aplitecinformatica.com\/es\/wp-json\/wp\/v2\/pages"}],"about":[{"href":"https:\/\/aplitecinformatica.com\/es\/wp-json\/wp\/v2\/types\/page"}],"author":[{"embeddable":true,"href":"https:\/\/aplitecinformatica.com\/es\/wp-json\/wp\/v2\/users\/1"}],"replies":[{"embeddable":true,"href":"https:\/\/aplitecinformatica.com\/es\/wp-json\/wp\/v2\/comments?post=13579"}],"version-history":[{"count":0,"href":"https:\/\/aplitecinformatica.com\/es\/wp-json\/wp\/v2\/pages\/13579\/revisions"}],"wp:featuredmedia":[{"embeddable":true,"href":"https:\/\/aplitecinformatica.com\/es\/wp-json\/wp\/v2\/media\/14203"}],"wp:attachment":[{"href":"https:\/\/aplitecinformatica.com\/es\/wp-json\/wp\/v2\/media?parent=13579"}],"wp:term":[{"taxonomy":"folder","embeddable":true,"href":"https:\/\/aplitecinformatica.com\/es\/wp-json\/wp\/v2\/folder?post=13579"}],"curies":[{"name":"wp","href":"https:\/\/api.w.org\/{rel}","templated":true}]}}