{"id":13372,"date":"2026-03-15T08:16:01","date_gmt":"2026-03-15T07:16:01","guid":{"rendered":"https:\/\/aplitecinformatica.com\/politica-de-cookies\/"},"modified":"2026-03-28T17:26:27","modified_gmt":"2026-03-28T16:26:27","slug":"politica-de-cookies","status":"publish","type":"page","link":"https:\/\/aplitecinformatica.com\/es\/politica-de-cookies\/","title":{"rendered":"Pol\u00edtica de cookies"},"content":{"rendered":"\t\t<div data-elementor-type=\"wp-page\" data-elementor-id=\"13372\" class=\"elementor elementor-13372 elementor-13312\" data-elementor-post-type=\"page\">\n\t\t\t\t<div class=\"elementor-element elementor-element-a607944 e-flex e-con-boxed e-con e-parent\" data-id=\"a607944\" data-element_type=\"container\" data-e-type=\"container\" data-settings=\"{&quot;background_background&quot;:&quot;classic&quot;}\">\n\t\t\t\t\t<div class=\"e-con-inner\">\n\t\t\t\t<div class=\"elementor-element elementor-element-d50d94d elementor-widget elementor-widget-heading\" data-id=\"d50d94d\" data-element_type=\"widget\" data-e-type=\"widget\" data-widget_type=\"heading.default\">\n\t\t\t\t\t<h1 class=\"elementor-heading-title elementor-size-default\">Pol\u00edtica de cookies  <span style=\"font-size:60%;font-weight:400\">Aplitec Inform\u00e0tica<\/span><\/h1>\t\t\t\t<\/div>\n\t\t\t\t\t<\/div>\n\t\t\t\t<\/div>\n\t\t<div class=\"elementor-element elementor-element-57486b9 e-flex e-con-boxed e-con e-parent\" data-id=\"57486b9\" data-element_type=\"container\" data-e-type=\"container\">\n\t\t\t\t\t<div class=\"e-con-inner\">\n\t\t\t\t<div class=\"elementor-element elementor-element-98b0760 elementor-widget elementor-widget-text-editor\" data-id=\"98b0760\" data-element_type=\"widget\" data-e-type=\"widget\" data-widget_type=\"text-editor.default\">\n\t\t\t\t\t\t\t\t\t<p>En cumplimiento de la Ley 34\/2002 de Servicios de la Sociedad de la Informaci\u00f3n y del Comercio Electr\u00f3nico (LSSICE), se informa de los siguientes aspectos legales de la Web:<\/p><table width=\"567\"><tbody><tr><td width=\"133\"><p>Web:<\/p><\/td><td width=\"433\"><p> <\/p><blockquote class=\"wp-embedded-content\" data-secret=\"0yoNVew8tU\"><a href=\"https:\/\/www.aplitecinformatica.com\/\">Inicio<\/a><\/blockquote><iframe class=\"wp-embedded-content\" title=\"\"Inicio\" \u2014 Aplitec Inform\u00e1tica\" src=\"https:\/\/www.aplitecinformatica.com\/embed\/#?secret=QuRcJKodut#?secret=0yoNVew8tU\" width=\"600\" height=\"338\" frameborder=\"0\" marginwidth=\"0\" marginheight=\"0\" scrolling=\"no\" sandbox=\"allow-scripts\" data-secret=\"0yoNVew8tU\" data-mce-fragment=\"1\"><\/iframe><p> <\/p><\/td><\/tr><tr><td width=\"133\"><p>Titular:<\/p><\/td><td width=\"433\"><p>APLITEC INFORMATICA S.L.<\/p><\/td><\/tr><tr><td width=\"133\"><p>Direcci\u00f3n:<\/p><\/td><td width=\"433\"><p>Avenida de Francia, 173 \u2013 175. 17840-Sarri\u00e0 de Ter <\/p><\/td><\/tr><tr><td width=\"133\"><p>C.I.F.:<\/p><\/td><td width=\"433\"><p>B17423211<\/p><\/td><\/tr><tr><td width=\"133\"><p>Tel\u00e9fono:<\/p><\/td><td width=\"433\"><p>972 226 744<\/p><\/td><\/tr><tr><td width=\"133\"><p>Correo electr\u00f3nico:<\/p><\/td><td width=\"433\"><p>comercial@aplitecinformatica.com<\/p><\/td><\/tr><tr><td width=\"133\"><p>Datos registrales:<\/p><\/td><td width=\"433\"><p>APLITEC INFORMATICA, S.L \u2013 REG. MERC. DE GIRONA, FULL 14.102, FOLIO 133, TOMO 738, INSCRIPCI\u00d3N 1\u00aa, NIF B-17423211<\/p><\/td><\/tr><\/tbody><\/table><p> <\/p><p>APLITEC INFORMATICA S.L. puede recopilar informaci\u00f3n sobre los h\u00e1bitos de b\u00fasqueda de los usuarios del sitio web por medio de cookies o archivos de registro. No se utilizar\u00e1n las cookies para recoger informaci\u00f3n de car\u00e1cter personal. S\u00f3lo se instalar\u00e1n si el Usuario permanece y contin\u00faa navegando en nuestra p\u00e1gina web, entendiendo que consiente su uso e instalaci\u00f3n. A continuaci\u00f3n, proporcionamos informaci\u00f3n detallada sobre: qu\u00e9 son las \u00abcookies\u00bb, qu\u00e9 tipolog\u00eda utiliza este sitio web, c\u00f3mo pueden desactivarlas en el navegador y c\u00f3mo bloquear espec\u00edficamente la instalaci\u00f3n de Cookies de terceros.   <\/p>\t\t\t\t\t\t\t\t<\/div>\n\t\t\t\t<div class=\"elementor-element elementor-element-fd37658 elementor-widget elementor-widget-heading\" data-id=\"fd37658\" data-element_type=\"widget\" data-e-type=\"widget\" data-widget_type=\"heading.default\">\n\t\t\t\t\t<h2 class=\"elementor-heading-title elementor-size-default\">1. \u00bfQu\u00e9 son las cookies?<\/h2>\t\t\t\t<\/div>\n\t\t\t\t<div class=\"elementor-element elementor-element-5e9dee2 elementor-widget elementor-widget-text-editor\" data-id=\"5e9dee2\" data-element_type=\"widget\" data-e-type=\"widget\" data-widget_type=\"text-editor.default\">\n\t\t\t\t\t\t\t\t\t<p>Las cookies son peque\u00f1os archivos de texto generados por las p\u00e1ginas web que el Usuario visita, las cuales contienen los datos de sesi\u00f3n que pueden ser de utilidad m\u00e1s adelante en la p\u00e1gina web. Los datos permiten que la p\u00e1gina web pueda mantener su informaci\u00f3n entre las p\u00e1ginas, y tambi\u00e9n para analizar la forma de interactuar con el sitio. <\/p><p>Las cookies son seguras ya que solo pueden almacenar la informaci\u00f3n que se puso en su lugar por el navegador, la informaci\u00f3n que el Usuario hubiera introducido en el navegador o la que se incluye en la solicitud de p\u00e1gina. No pueden ejecutar c\u00f3digo y no se pueden utilizar para acceder al equipo del Usuario. <\/p><p>Las cookies son esenciales para el funcionamiento de Internet, aportando innumerables ventajas en la prestaci\u00f3n de servicios interactivos, facilitando la navegaci\u00f3n y usabilidad de las p\u00e1ginas web. Las cookies no pueden da\u00f1ar los equipos y que est\u00e9n activadas ayuda a identificar y resolver los errores. <\/p><p> <\/p><p>La informaci\u00f3n recabada a trav\u00e9s de las cookies puede incluir la fecha y hora de visitas al Sitio Web, las p\u00e1ginas visionadas, el tiempo que ha estado en el Sitio Web y los sitios visitados justo antes y despu\u00e9s del mismo. No obstante, ning\u00fan cookie permite que esta misma pueda contactarse con el n\u00famero de tel\u00e9fono del Usuario o con cualquier otro medio de contacto personal. Ning\u00fan cookie puede extraer informaci\u00f3n del disco duro del Usuario o robar informaci\u00f3n personal. La \u00fanica manera de que la informaci\u00f3n privada del Usuario forme parte del archivo Cookie es que el usuario d\u00e9 personalmente esta informaci\u00f3n al servidor.   <\/p><p> <\/p><p>Las cookies que permiten identificar a una persona se consideran datos personales. Por lo tanto, a \u00e9stas les ser\u00e1 de aplicaci\u00f3n la Pol\u00edtica de Privacidad anteriormente descrita. En este sentido, para la utilizaci\u00f3n de las mismas ser\u00e1 necesario el consentimiento del Usuario. Este consentimiento ser\u00e1 comunicado, en base a una elecci\u00f3n aut\u00e9ntica, ofrecido mediante una decisi\u00f3n afirmativa y positiva, antes del tratamiento inicial, removible y documentado.   <\/p>\t\t\t\t\t\t\t\t<\/div>\n\t\t\t\t<div class=\"elementor-element elementor-element-db6775c elementor-widget elementor-widget-heading\" data-id=\"db6775c\" data-element_type=\"widget\" data-e-type=\"widget\" data-widget_type=\"heading.default\">\n\t\t\t\t\t<h2 class=\"elementor-heading-title elementor-size-default\">2. \u00bfQu\u00e9 son los scripts?<\/h2>\t\t\t\t<\/div>\n\t\t\t\t<div class=\"elementor-element elementor-element-04f0a1a elementor-widget elementor-widget-text-editor\" data-id=\"04f0a1a\" data-element_type=\"widget\" data-e-type=\"widget\" data-widget_type=\"text-editor.default\">\n\t\t\t\t\t\t\t\t\t<p>Un script es un fragmento de c\u00f3digo de programa que se utiliza para hacer que nuestra web funcione correctamente y de forma interactiva. Este c\u00f3digo se ejecuta en nuestro servidor o en su dispositivo. <\/p>\t\t\t\t\t\t\t\t<\/div>\n\t\t\t\t<div class=\"elementor-element elementor-element-cc4c045 elementor-widget elementor-widget-heading\" data-id=\"cc4c045\" data-element_type=\"widget\" data-e-type=\"widget\" data-widget_type=\"heading.default\">\n\t\t\t\t\t<h2 class=\"elementor-heading-title elementor-size-default\">3. Tipos de cookies<\/h2>\t\t\t\t<\/div>\n\t\t\t\t<div class=\"elementor-element elementor-element-c090d27 elementor-widget elementor-widget-text-editor\" data-id=\"c090d27\" data-element_type=\"widget\" data-e-type=\"widget\" data-widget_type=\"text-editor.default\">\n\t\t\t\t\t\t\t\t\t<p>A continuaci\u00f3n, proporcionamos m\u00e1s informaci\u00f3n para que se entiendan mejor los diferentes tipos de cookies que pueden ser utilizados:<\/p><p> <\/p><p><strong>Seg\u00fan titularidad<\/strong><\/p><p>Cookies Propias: son aquellas que se env\u00edan al equipo terminal del usuario desde un equipo o dominio gestionado por el propio editor y desde el que se presta el servicio solicitado por el usuario.<\/p><p>Cookies de terceros: son aquellas que se env\u00edan al equipo terminal del usuario desde un equipo o dominio que no es gestionado por el editor, sino por otra entidad que trata los datos obtenidos a trav\u00e9s de las cookies.<\/p><p> <\/p><p><strong>Seg\u00fan su finalidad<\/strong><\/p><p>Cookies t\u00e9cnicas (necesarias): Las cookies t\u00e9cnicas son aquellas imprescindibles y estrictamente necesarias para el correcto funcionamiento de un portal web y la utilizaci\u00f3n de las diferentes opciones y servicios que ofrece.<\/p><p> <\/p><p>Por ejemplo, las que sirven para el mantenimiento de la sesi\u00f3n, la gesti\u00f3n del tiempo de respuesta, rendimiento, etc.<\/p><p> <\/p><p>Cookies de preferencias o personalizaci\u00f3n: son aquellas que permiten recordar informaci\u00f3n para que el usuario acceda al servicio con determinadas caracter\u00edsticas que pueden diferenciar su experiencia de la de otros usuarios, como, por ejemplo, el idioma, el n\u00famero de resultados a mostrar cuando el usuario realiza una b\u00fasqueda, el aspecto o contenido del servicio en funci\u00f3n del tipo de navegador a trav\u00e9s del cual el usuario accede al servicio o de la regi\u00f3n desde la que accede al servicio,  etc.<\/p><p> <\/p><p>Cookies anal\u00edticas: son aquellas que permiten al responsable de las mismas el seguimiento y an\u00e1lisis del comportamiento de los usuarios de los sitios web a los que est\u00e1n vinculadas, incluida la cuantificaci\u00f3n de los impactos de los anuncios. La informaci\u00f3n recogida mediante este tipo de cookies se utiliza en la medici\u00f3n de la actividad de los sitios web, aplicaci\u00f3n o plataforma, con el fin de introducir mejoras en funci\u00f3n del an\u00e1lisis de los datos de uso que hacen los usuarios del servicio. <\/p><p> <\/p><p>Cookies de publicidad comportamental: son aquellas que almacenan informaci\u00f3n del comportamiento de los usuarios obtenida a trav\u00e9s de la observaci\u00f3n continuada de sus h\u00e1bitos de navegaci\u00f3n, lo que permite desarrollar un perfil espec\u00edfico para mostrar publicidad en funci\u00f3n del mismo.<\/p><p> <\/p><p><strong>Seg\u00fan plazo<\/strong><\/p><p>Cookies de sesi\u00f3n: son aquellas dise\u00f1adas para recabar y almacenar datos mientras el usuario accede a una p\u00e1gina web. Se suelen emplear para almacenar informaci\u00f3n que s\u00f3lo interesa conservar para la prestaci\u00f3n del servicio solicitado por el usuario en una sola ocasi\u00f3n (por ejemplo, una lista de productos adquiridos) y desaparecen al finalizar la sesi\u00f3n. <\/p><p> <\/p><p>Cookies persistentes: son aquellas en las que los datos siguen almacenados en el terminal y pueden ser accedidos y tratados durante un periodo definido por el responsable de la cookie, y que puede ir de unos minutos a varios a\u00f1os.<\/p><p> <\/p><p><strong>Cookies propias<\/strong><\/p><p>Son aquellas cookies que son enviadas al ordenador o dispositivo del Usuario y gestionadas exclusivamente por APLITEC INFORMATICA S.L. para el mejor funcionamiento del Sitio Web. La informaci\u00f3n que se recaba se emplea para mejorar la calidad del Sitio Web y su Contenido y su experiencia como Usuario. Estas cookies permiten reconocer al Usuario como visitante recurrente del Sitio Web y adaptar el contenido para ofrecerle contenidos que se ajusten a sus preferencias.  <\/p><p>\u00abcookieyes-consent\u00bb<\/p><p> <\/p><p>Funci\u00f3n: Esta cookie es utilizada por CookieYes para almacenar el estado de consentimiento de cookies del usuario. Almacena informaci\u00f3n sobre las categor\u00edas de cookies que el usuario ha aceptado y las que ha rechazado, asegurando que las preferencias del usuario se respeten en futuras visitas al sitio. <\/p><p> <\/p><p>Tipolog\u00eda: Funcional\/T\u00e9cnica.<\/p><p>Duraci\u00f3n: 1 a\u00f1o.  <\/p><p> <\/p><p><strong>Cookies de terceros<\/strong><\/p><p>El sitio web no genera cookies de terceros.<\/p><p>APLITEC INFORMATICA S.L. no incorpora ning\u00fan enlace ni plugin que redirija a p\u00e1ginas web de redes sociales ni compartir contenido.<\/p>\t\t\t\t\t\t\t\t<\/div>\n\t\t\t\t<div class=\"elementor-element elementor-element-0d064ce elementor-widget elementor-widget-heading\" data-id=\"0d064ce\" data-element_type=\"widget\" data-e-type=\"widget\" data-widget_type=\"heading.default\">\n\t\t\t\t\t<h2 class=\"elementor-heading-title elementor-size-default\">4. Responsable del tratamiento de las cookies<\/h2>\t\t\t\t<\/div>\n\t\t\t\t<div class=\"elementor-element elementor-element-bd31e79 elementor-widget elementor-widget-text-editor\" data-id=\"bd31e79\" data-element_type=\"widget\" data-e-type=\"widget\" data-widget_type=\"text-editor.default\">\n\t\t\t\t\t\t\t\t\t<p>El titular de la web y responsable del tratamiento de las cookies aqu\u00ed utilizadas, as\u00ed como sus datos de contacto, son accesibles en el Aviso Legal de esta p\u00e1gina. Asimismo, pueden existir cookies de terceros diferentes del titular de esta web, como se explica posteriormente. <\/p>\t\t\t\t\t\t\t\t<\/div>\n\t\t\t\t<div class=\"elementor-element elementor-element-0a0d05b elementor-widget elementor-widget-heading\" data-id=\"0a0d05b\" data-element_type=\"widget\" data-e-type=\"widget\" data-widget_type=\"heading.default\">\n\t\t\t\t\t<h2 class=\"elementor-heading-title elementor-size-default\">5. Legitimaci\u00f3n para el uso de cookies<\/h2>\t\t\t\t<\/div>\n\t\t\t\t<div class=\"elementor-element elementor-element-918b707 elementor-widget elementor-widget-text-editor\" data-id=\"918b707\" data-element_type=\"widget\" data-e-type=\"widget\" data-widget_type=\"text-editor.default\">\n\t\t\t\t\t\t\t\t\t<p>En el caso de las cookies t\u00e9cnicas, es decir, aquellas que resultan imprescindibles para navegar por esta web y recibir el servicio ofrecido a trav\u00e9s de ella, la base legal de su uso es el acuerdo a trav\u00e9s del cual usted decide utilizar esta p\u00e1gina web y utilizar sus servicios.<\/p><p> <\/p><p>La base legal del uso del resto de cookies es el consentimiento del usuario, que se le pide en el momento de acceder a esta web, pudiendo revocarlo en cualquier momento. La retirada de este consentimiento no afectar\u00e1 a la posibilidad de navegar por esta web y utilizar sus servicios, pero los tratamientos de datos efectuados con anterioridad no perder\u00e1n su licitud por el hecho de que el consentimiento se haya revocado. <\/p>\t\t\t\t\t\t\t\t<\/div>\n\t\t\t\t<div class=\"elementor-element elementor-element-766bf08 elementor-widget elementor-widget-heading\" data-id=\"766bf08\" data-element_type=\"widget\" data-e-type=\"widget\" data-widget_type=\"heading.default\">\n\t\t\t\t\t<h2 class=\"elementor-heading-title elementor-size-default\">6. Consentimiento<\/h2>\t\t\t\t<\/div>\n\t\t\t\t<div class=\"elementor-element elementor-element-2cd660a elementor-widget elementor-widget-text-editor\" data-id=\"2cd660a\" data-element_type=\"widget\" data-e-type=\"widget\" data-widget_type=\"text-editor.default\">\n\t\t\t\t\t\t\t\t\t<p>El usuario deber\u00e1 aceptar de manera expl\u00edcita y activa el uso de las cookies antes anunciadas, por los per\u00edodos se\u00f1alados anteriormente y en las condiciones contenidas en la presente Pol\u00edtica de Cookies.<\/p>\t\t\t\t\t\t\t\t<\/div>\n\t\t\t\t<div class=\"elementor-element elementor-element-80dec4e elementor-widget elementor-widget-heading\" data-id=\"80dec4e\" data-element_type=\"widget\" data-e-type=\"widget\" data-widget_type=\"heading.default\">\n\t\t\t\t\t<h2 class=\"elementor-heading-title elementor-size-default\">7.Retirada del consentimiento<\/h2>\t\t\t\t<\/div>\n\t\t\t\t<div class=\"elementor-element elementor-element-245ffa0 elementor-widget elementor-widget-text-editor\" data-id=\"245ffa0\" data-element_type=\"widget\" data-e-type=\"widget\" data-widget_type=\"text-editor.default\">\n\t\t\t\t\t\t\t\t\t<p>El usuario podr\u00e1 retirar en cualquier momento su consentimiento relacionado con esta Pol\u00edtica de Cookies, para ello deber\u00e1 eliminar las cookies almacenadas en su equipo utilizando los ajustes y configuraciones de su navegador de internet.<\/p>\t\t\t\t\t\t\t\t<\/div>\n\t\t\t\t<div class=\"elementor-element elementor-element-c543896 elementor-widget elementor-widget-heading\" data-id=\"c543896\" data-element_type=\"widget\" data-e-type=\"widget\" data-widget_type=\"heading.default\">\n\t\t\t\t\t<h2 class=\"elementor-heading-title elementor-size-default\">8. Derechos del interesado<\/h2>\t\t\t\t<\/div>\n\t\t\t\t<div class=\"elementor-element elementor-element-43169de elementor-widget elementor-widget-text-editor\" data-id=\"43169de\" data-element_type=\"widget\" data-e-type=\"widget\" data-widget_type=\"text-editor.default\">\n\t\t\t\t\t\t\t\t\t<p>La mayor\u00eda de las cookies recopilan informaci\u00f3n an\u00f3nima, que no permite obtener la identidad del usuario, si bien algunos de los c\u00f3digos que se incluyen sirven para singularizar o individualizar el navegador de su dispositivo utilizado, pudiendo ser de aplicaci\u00f3n la normativa en materia de protecci\u00f3n de datos personales. Por ello, le informamos que la informaci\u00f3n que se obtiene por medio de las cookies, ser\u00e1 tratada con las finalidades indicadas en la presente Pol\u00edtica de Cookies. Asimismo, esta informaci\u00f3n tambi\u00e9n ser\u00e1 tratada por aquellas empresas que proveen cookies con las finalidades indicadas en sus respectivas pol\u00edticas de privacidad.  <\/p><p> <\/p><p>No obstante, teniendo en cuenta que estos c\u00f3digos no permiten la identificaci\u00f3n del Usuario, no ser\u00e1n aplicables los derechos de acceso, rectificaci\u00f3n, supresi\u00f3n, oposici\u00f3n, limitaci\u00f3n y portabilidad reconocidos en la normativa de protecci\u00f3n de datos, salvo que el Usuario sea capaz de aportar informaci\u00f3n adicional que permita vincular su identidad con los c\u00f3digos identificativos de sus cookies.<\/p><p> <\/p><p>En caso de considerar vulnerado su derecho a la protecci\u00f3n de datos, el usuario podr\u00e1 interponer una reclamaci\u00f3n ante la Agencia Espa\u00f1ola de Protecci\u00f3n de Datos (www.aepd.es) o ante nuestro Delegado de Protecci\u00f3n de Datos\/ responsable de protecci\u00f3n de datos en el siguiente e-mail comercial@aplitecinformatica.com<\/p><p> <\/p><p>Por otro lado, le informamos que algunos de nuestros proveedores, socios y colaboradores pueden estar ubicados en Estados Unidos u otros pa\u00edses cuya legislaci\u00f3n no ofrece un nivel de protecci\u00f3n de datos equivalente al europeo. Al consentir el uso de cookies y la compartici\u00f3n de datos, consiente la transferencia de sus datos personales. <\/p>\t\t\t\t\t\t\t\t<\/div>\n\t\t\t\t<div class=\"elementor-element elementor-element-3627ccc elementor-widget elementor-widget-heading\" data-id=\"3627ccc\" data-element_type=\"widget\" data-e-type=\"widget\" data-widget_type=\"heading.default\">\n\t\t\t\t\t<h2 class=\"elementor-heading-title elementor-size-default\">9. Gesti\u00f3n de cookies: garant\u00edas complementarias<\/h2>\t\t\t\t<\/div>\n\t\t\t\t<div class=\"elementor-element elementor-element-e905f75 elementor-widget elementor-widget-text-editor\" data-id=\"e905f75\" data-element_type=\"widget\" data-e-type=\"widget\" data-widget_type=\"text-editor.default\">\n\t\t\t\t\t\t\t\t\t<p>Todos los navegadores de Internet permiten limitar el comportamiento de una cookie o desactivar las cookies dentro de la configuraci\u00f3n o las opciones del navegador. Los pasos para hacerlo son diferentes para cada navegador, pudi\u00e9ndose encontrar instrucciones en el men\u00fa de ayuda de cada navegador. <\/p><p> <\/p><p>Muchos navegadores permiten activar un modo privado mediante el cual las cookies se borran siempre despu\u00e9s de la visita. Dependiendo de cada navegador este modo privado, puede tener diferentes nombres. A continuaci\u00f3n, se puede encontrar una lista de los navegadores m\u00e1s comunes con un enlace a la configuraci\u00f3n de cookies y los diferentes nombres de este \u00abmodo privado\u00bb:  <\/p><p> <\/p><ul><li>Internet Explorer: <a href=\"http:\/\/windows.microsoft.com\/es-xl\/internet-explorer\/delete-manage-cookies#ie=ie-11\" target=\"_blank\" rel=\"noopener\">http:\/\/windows.microsoft.com\/es-xl\/internet-explorer\/delete-manage-cookies#ie=ie-11<\/a><\/li><li>FireFox: <a href=\"https:\/\/support.mozilla.org\/es\/kb\/Borrarcookies\" target=\"_blank\" rel=\"noopener\">https:\/\/support.mozilla.org\/es\/kb\/Borrarcookies<\/a><\/li><li>Chrome: <a href=\"https:\/\/support.google.com\/chrome\/answer\/95647?hl=es\" target=\"_blank\" rel=\"noopener\">https:\/\/support.google.com\/chrome\/answer\/95647?hl=es<\/a><\/li><li>Safari: <a href=\"http:\/\/www.apple.com\/legal\/privacy\/es\/cookies\/\" target=\"_blank\" rel=\"noopener\">http:\/\/www.apple.com\/legal\/privacy\/es\/cookies\/<\/a><\/li><li>Opera: <a href=\"https:\/\/help.opera.com\/en\/latest\/security-and-privacy\/\" target=\"_blank\" rel=\"noopener\">https:\/\/help.opera.com\/en\/latest\/security-and-privacy\/<\/a><\/li><li>Safari para iOS (dispositivos iPhone y iPad): <a href=\"http:\/\/help.opera.com\/Linux\/10.50\/en\/cookies.html\" target=\"_blank\" rel=\"noopener\">http:\/\/help.opera.com\/Linux\/10.50\/en\/cookies.html<\/a><\/li><li>Chrome para Android: <a href=\"https:\/\/support.google.com\/chrome\/answer\/2392971?hl=es\" target=\"_blank\" rel=\"noopener\">https:\/\/support.google.com\/chrome\/answer\/2392971?hl=es<\/a><\/li><li>Windows Phone: <a href=\"http:\/\/www.windowsphone.com\/es-es\/how-to\/wp7\/web\/changing-privacy-and-other-browser-\" target=\"_blank\" rel=\"noopener\">http:\/\/www.windowsphone.com\/es-es\/how-to\/wp7\/web\/changing-privacy-and-other-browser<\/a><\/li><\/ul><p> <\/p><p>Para obtener m\u00e1s informaci\u00f3n sobre la eliminaci\u00f3n, deshabilitaci\u00f3n o bloqueo de cookies tambi\u00e9n puede visitar: <a href=\"http:\/\/www.aboutcookies.org\/Default.aspx?page=2\" target=\"_blank\" rel=\"noopener\">http:\/\/www.aboutcookies.org\/Default.aspx?page=2<\/a><\/p><p> <\/p><p>En caso de que se deshabiliten las cookies, no podremos mantener sus preferencias y algunas funcionalidades del Sitio Web podr\u00edan quedar inoperativas, no pudiendo ofrecerle servicios personalizados.<\/p>\t\t\t\t\t\t\t\t<\/div>\n\t\t\t\t<div class=\"elementor-element elementor-element-f3ccf0d elementor-widget elementor-widget-heading\" data-id=\"f3ccf0d\" data-element_type=\"widget\" data-e-type=\"widget\" data-widget_type=\"heading.default\">\n\t\t\t\t\t<h2 class=\"elementor-heading-title elementor-size-default\">10. Actualizaci\u00f3n de la pol\u00edtica de cookies<\/h2>\t\t\t\t<\/div>\n\t\t\t\t<div class=\"elementor-element elementor-element-11b3d89 elementor-widget elementor-widget-text-editor\" data-id=\"11b3d89\" data-element_type=\"widget\" data-e-type=\"widget\" data-widget_type=\"text-editor.default\">\n\t\t\t\t\t\t\t\t\t<p>Este sitio web puede modificar esta Pol\u00edtica sobre Cookies, por eso le recomendamos revisar esta pol\u00edtica cada vez que acceda a nuestro sitio web con el fin de estar adecuadamente informado sobre el uso que hacemos de las cookies.<\/p><p> <\/p><p>\u00daltima revisi\u00f3n: 02\/07\/24<\/p>\t\t\t\t\t\t\t\t<\/div>\n\t\t\t\t\t<\/div>\n\t\t\t\t<\/div>\n\t\t\t\t<\/div>\n\t\t","protected":false},"excerpt":{"rendered":"<p>Pol\u00edtica de cookies Aplitec Inform\u00e0tica En cumplimiento de la Ley 34\/2002 de Servicios de la Sociedad de la Informaci\u00f3n y del Comercio Electr\u00f3nico (LSSICE), se informa de los siguientes aspectos legales de la Web: Web: Inicio Titular: APLITEC INFORMATICA S.L. Direcci\u00f3n: Avenida de Francia, 173 \u2013 175. 17840-Sarri\u00e0 de Ter C.I.F.: B17423211 Tel\u00e9fono: 972 226 [&hellip;]<\/p>\n","protected":false},"author":1,"featured_media":0,"parent":0,"menu_order":0,"comment_status":"closed","ping_status":"closed","template":"","meta":{"footnotes":""},"folder":[50],"class_list":["post-13372","page","type-page","status-publish","hentry"],"_links":{"self":[{"href":"https:\/\/aplitecinformatica.com\/es\/wp-json\/wp\/v2\/pages\/13372","targetHints":{"allow":["GET"]}}],"collection":[{"href":"https:\/\/aplitecinformatica.com\/es\/wp-json\/wp\/v2\/pages"}],"about":[{"href":"https:\/\/aplitecinformatica.com\/es\/wp-json\/wp\/v2\/types\/page"}],"author":[{"embeddable":true,"href":"https:\/\/aplitecinformatica.com\/es\/wp-json\/wp\/v2\/users\/1"}],"replies":[{"embeddable":true,"href":"https:\/\/aplitecinformatica.com\/es\/wp-json\/wp\/v2\/comments?post=13372"}],"version-history":[{"count":0,"href":"https:\/\/aplitecinformatica.com\/es\/wp-json\/wp\/v2\/pages\/13372\/revisions"}],"wp:attachment":[{"href":"https:\/\/aplitecinformatica.com\/es\/wp-json\/wp\/v2\/media?parent=13372"}],"wp:term":[{"taxonomy":"folder","embeddable":true,"href":"https:\/\/aplitecinformatica.com\/es\/wp-json\/wp\/v2\/folder?post=13372"}],"curies":[{"name":"wp","href":"https:\/\/api.w.org\/{rel}","templated":true}]}}