{"id":13367,"date":"2026-03-15T08:05:31","date_gmt":"2026-03-15T07:05:31","guid":{"rendered":"https:\/\/aplitecinformatica.com\/aviso-legal\/"},"modified":"2026-03-28T17:24:40","modified_gmt":"2026-03-28T16:24:40","slug":"aviso-legal","status":"publish","type":"page","link":"https:\/\/aplitecinformatica.com\/es\/aviso-legal\/","title":{"rendered":"Aviso Legal"},"content":{"rendered":"\t\t<div data-elementor-type=\"wp-page\" data-elementor-id=\"13367\" class=\"elementor elementor-13367 elementor-13303\" data-elementor-post-type=\"page\">\n\t\t\t\t<div class=\"elementor-element elementor-element-a607944 e-flex e-con-boxed e-con e-parent\" data-id=\"a607944\" data-element_type=\"container\" data-e-type=\"container\" data-settings=\"{&quot;background_background&quot;:&quot;classic&quot;}\">\n\t\t\t\t\t<div class=\"e-con-inner\">\n\t\t\t\t<div class=\"elementor-element elementor-element-d50d94d elementor-widget__width-inherit elementor-widget elementor-widget-heading\" data-id=\"d50d94d\" data-element_type=\"widget\" data-e-type=\"widget\" data-widget_type=\"heading.default\">\n\t\t\t\t\t<h1 class=\"elementor-heading-title elementor-size-default\"><span style=\"font-size:60%;font-weight:400\">Aviso Legal Aplitec Inform\u00e0tica<\/span><\/h1>\t\t\t\t<\/div>\n\t\t\t\t\t<\/div>\n\t\t\t\t<\/div>\n\t\t<div class=\"elementor-element elementor-element-57486b9 e-flex e-con-boxed e-con e-parent\" data-id=\"57486b9\" data-element_type=\"container\" data-e-type=\"container\">\n\t\t\t\t\t<div class=\"e-con-inner\">\n\t\t\t\t<div class=\"elementor-element elementor-element-847b243 elementor-widget elementor-widget-heading\" data-id=\"847b243\" data-element_type=\"widget\" data-e-type=\"widget\" data-widget_type=\"heading.default\">\n\t\t\t\t\t<h2 class=\"elementor-heading-title elementor-size-default\">1. Informaci\u00f3n del titular<\/h2>\t\t\t\t<\/div>\n\t\t\t\t<div class=\"elementor-element elementor-element-98b0760 elementor-widget elementor-widget-text-editor\" data-id=\"98b0760\" data-element_type=\"widget\" data-e-type=\"widget\" data-widget_type=\"text-editor.default\">\n\t\t\t\t\t\t\t\t\t<p>En cumplimiento del art\u00edculo 10 de la Ley 34\/2002, de 11 de julio, de Servicios de la Sociedad de la Informaci\u00f3n y Comercio Electr\u00f3nico, a continuaci\u00f3n, se exponen los datos identificativos del Titular:<\/p><table width=\"567\"><tbody><tr><td width=\"133\"><p>Web:<\/p><\/td><td width=\"433\"><p> <\/p><blockquote class=\"wp-embedded-content\" data-secret=\"uREgbkPRt3\"><a href=\"https:\/\/www.aplitecinformatica.com\/\">Inicio<\/a><\/blockquote><iframe class=\"wp-embedded-content\" title=\"\"Inicio\" \u2014 Aplitec Inform\u00e1tica\" src=\"https:\/\/www.aplitecinformatica.com\/embed\/#?secret=wNzxd7a3mi#?secret=uREgbkPRt3\" width=\"600\" height=\"338\" frameborder=\"0\" marginwidth=\"0\" marginheight=\"0\" scrolling=\"no\" sandbox=\"allow-scripts\" data-secret=\"uREgbkPRt3\" data-mce-fragment=\"1\"><\/iframe><p> <\/p><\/td><\/tr><tr><td width=\"133\"><p>Titular:<\/p><\/td><td width=\"433\"><p>APLITEC INFORMATICA S.L.<\/p><\/td><\/tr><tr><td width=\"133\"><p>Direcci\u00f3n:<\/p><\/td><td width=\"433\"><p>Avenida de Francia, 173 \u2013 175. 17840-Sarri\u00e0 de Ter <\/p><\/td><\/tr><tr><td width=\"133\"><p>C.I.F.:<\/p><\/td><td width=\"433\"><p>B17423211<\/p><\/td><\/tr><tr><td width=\"133\"><p>Tel\u00e9fono:<\/p><\/td><td width=\"433\"><p>972 226 744<\/p><\/td><\/tr><tr><td width=\"133\"><p>Correo electr\u00f3nico:<\/p><\/td><td width=\"433\"><p>comercial@aplitecinformatica.com<\/p><\/td><\/tr><tr><td width=\"133\"><p>Datos registrales:<\/p><\/td><td width=\"433\"><p>APLITEC INFORMATICA, S.L \u2013 REG. MERC. DE GIRONA, FULL 14.102, FOLIO 133, TOMO 738, INSCRIPCI\u00d3N 1\u00aa, NIF B-17423211<\/p><\/td><\/tr><\/tbody><\/table>\t\t\t\t\t\t\t\t<\/div>\n\t\t\t\t<div class=\"elementor-element elementor-element-fd37658 elementor-widget elementor-widget-heading\" data-id=\"fd37658\" data-element_type=\"widget\" data-e-type=\"widget\" data-widget_type=\"heading.default\">\n\t\t\t\t\t<h2 class=\"elementor-heading-title elementor-size-default\">2. T\u00e9rminos y condiciones de acceso y uso<\/h2>\t\t\t\t<\/div>\n\t\t\t\t<div class=\"elementor-element elementor-element-5e9dee2 elementor-widget elementor-widget-text-editor\" data-id=\"5e9dee2\" data-element_type=\"widget\" data-e-type=\"widget\" data-widget_type=\"text-editor.default\">\n\t\t\t\t\t\t\t\t\t<p><strong>El sitio web<\/strong><\/p><p>El objeto de las presentes Condiciones Generales de Uso (en adelante, Condiciones) es regular el acceso y la utilizaci\u00f3n del Sitio Web.<\/p><p> <\/p><p>APLITEC INFORMATICA S.L. se reserva la facultad de modificar, en cualquier momento, y sin previo aviso, la presentaci\u00f3n y configuraci\u00f3n del Sitio Web y de los Contenidos y Servicios que pudieran estar incorporados. El Usuario reconoce y acepta que en cualquier momento APLITEC INFORMATICA S.L. pueda interrumpir, desactivar y\/o cancelar cualquiera de estos elementos que se integran en el Sitio Web o el acceso a los mismos. <\/p><p> <\/p><p>El acceso al Sitio Web por el Usuario tiene car\u00e1cter libre y, por regla general, es gratuito sin que el Usuario tenga que proporcionar una contraprestaci\u00f3n para poder disfrutar de \u00e9l, excepto en cuanto al coste de conexi\u00f3n a trav\u00e9s de la red de telecomunicaciones suministrada por el proveedor de acceso que hubiera contratado el Usuario.<\/p><p> <\/p><p>La utilizaci\u00f3n de alguno de los Contenidos o Servicios del Sitio Web podr\u00e1 hacerse mediante la suscripci\u00f3n o registro previo del Usuario.<\/p><p> <\/p><p><strong>Usuario<\/strong><\/p><p>El acceso, la navegaci\u00f3n y uso del Sitio Web, (as\u00ed como por los espacios habilitados para interactuar entre los Usuarios, y el Usuario y APLITEC INFORMATICA S.L., como los comentarios y\/o espacios de blogging en caso de haber), confieren la condici\u00f3n de Usuario. Por lo que el Usuario se compromete a utilizar la p\u00e1gina Web y aquellos servicios puestos a su disposici\u00f3n a trav\u00e9s de la misma, de manera acorde a la Ley, moral, buenas costumbres y orden p\u00fablico, as\u00ed como con lo dispuesto en el presente clausulado. En consecuencia, queda obligado a no utilizar la Web con fines o efectos il\u00edcitos y\/o contrarios a lo establecido, lesivos de derechos y\/o intereses de terceros o que, de cualquier manera, puedan da\u00f1ar la Web o impedir su normal uso, o de los servicios accesibles a trav\u00e9s de la misma.  <\/p><p> <\/p><p>La utilizaci\u00f3n de la Web y\/o de sus Servicios, supondr\u00e1 la aceptaci\u00f3n plena y sin reservas, y la validez, de todas y cada una de las cl\u00e1usulas recogidas en la \u00faltima versi\u00f3n actualizada de este Aviso Legal, por lo que el Usuario deber\u00e1 ser consciente de la importancia de leerlas cada vez que visite la Web. A su vez, no supone entablar ning\u00fan tipo de relaci\u00f3n de car\u00e1cter comercial entre APLITEC INFORMATICA S.L. y el Usuario. <\/p><p> <\/p><p>El acceso, la navegaci\u00f3n y uso del Sitio Web, confiere la condici\u00f3n de Usuario, por lo que se aceptan, desde que se inicia la navegaci\u00f3n por el Sitio Web, todas las Condiciones aqu\u00ed establecidas, as\u00ed como sus ulteriores modificaciones, sin perjuicio de la aplicaci\u00f3n de la correspondiente normativa legal de obligado cumplimiento seg\u00fan el caso. Dada la relevancia de lo anterior, se recomienda al Usuario leerlas cada vez que visite el Sitio Web. <\/p><p> <\/p><p>El Usuario declara ser mayor de edad y disponer de la capacidad jur\u00eddica suficiente para vincularse por las presentes Condiciones. Por lo tanto, este Sitio Web de APLICACI\u00d3N INFORMATICA S.L. no se dirige a menores de edad. APLITEC INFORMATICA S.L. declina cualquier responsabilidad por el incumplimiento de este requisito.  <\/p>\t\t\t\t\t\t\t\t<\/div>\n\t\t\t\t<div class=\"elementor-element elementor-element-db6775c elementor-widget elementor-widget-heading\" data-id=\"db6775c\" data-element_type=\"widget\" data-e-type=\"widget\" data-widget_type=\"heading.default\">\n\t\t\t\t\t<h2 class=\"elementor-heading-title elementor-size-default\">3. Propiedad intelectual<\/h2>\t\t\t\t<\/div>\n\t\t\t\t<div class=\"elementor-element elementor-element-04f0a1a elementor-widget elementor-widget-text-editor\" data-id=\"04f0a1a\" data-element_type=\"widget\" data-e-type=\"widget\" data-widget_type=\"text-editor.default\">\n\t\t\t\t\t\t\t\t\t<p>A los efectos de preservar los posibles derechos de propiedad intelectual, en el caso de que cualquier usuario\/a o un tercero\/a considere que se ha producido una violaci\u00f3n de sus leg\u00edtimos derechos por la introducci\u00f3n de un determinado contenido en la Web, deber\u00e1 notificar esta circunstancia a APLITEC INFORMATICA S.L. indicando:<\/p><p> <\/p><p>Datos personales de la persona interesada titular de los derechos presuntamente infringidos. Si la reclamaci\u00f3n la presenta un tercero\/a diferente de la persona interesada, deber\u00e1 indicar la representaci\u00f3n con la que act\u00faa. <\/p><p>\u2013 Indicaci\u00f3n de los contenidos protegidos por los derechos de propiedad intelectual y su ubicaci\u00f3n en la Web.<\/p><p>\u2013 Acreditaci\u00f3n de dichos derechos de propiedad intelectual.<\/p><p>Declaraci\u00f3n expresa en la que el interesado se responsabiliza de la veracidad de las informaciones facilitadas en la notificaci\u00f3n.<\/p><p> <\/p><p>La marca APLITEC INFORMATICA S.L. y la correspondiente marca gr\u00e1fica es marca registrada y queda prohibida su reproducci\u00f3n o uso sin la autorizaci\u00f3n de su titular. Igualmente cualquier otra marca del APLITEC INFORMATICA S.L. que aparezca en los sitios web detallados en el apartado 1 de este aviso. <\/p><p> <\/p><p>La legitimidad de los derechos de propiedad intelectual o industrial correspondientes a los contenidos aportados por terceros\/as es de la exclusiva responsabilidad de los\/as mismos\/as.<\/p>\t\t\t\t\t\t\t\t<\/div>\n\t\t\t\t<div class=\"elementor-element elementor-element-cc4c045 elementor-widget elementor-widget-heading\" data-id=\"cc4c045\" data-element_type=\"widget\" data-e-type=\"widget\" data-widget_type=\"heading.default\">\n\t\t\t\t\t<h2 class=\"elementor-heading-title elementor-size-default\">4. Captaci\u00f3n de responsabilidad<\/h2>\t\t\t\t<\/div>\n\t\t\t\t<div class=\"elementor-element elementor-element-c090d27 elementor-widget elementor-widget-text-editor\" data-id=\"c090d27\" data-element_type=\"widget\" data-e-type=\"widget\" data-widget_type=\"text-editor.default\">\n\t\t\t\t\t\t\t\t\t<p>APLITEC INFORMATICA S.L. con la m\u00e1xima diligencia posible para que los datos y la informaci\u00f3n que ofrece en su sitio web est\u00e9 actualizada en todo momento. No garantiza ni se hace responsable la exactitud y actualizaci\u00f3n de los contenidos del sitio web, reserv\u00e1ndose el derecho a modificar estos contenidos en cualquier momento. APLITEC INFORMATICA S.L. tampoco ser\u00e1 responsable de la informaci\u00f3n que se pueda obtener a trav\u00e9s de enlaces incluidos en el sitio web.  <\/p><p> <\/p><p>Las relaciones comerciales entre clientes se regir\u00e1n por las condiciones generales que, si fuera necesario, se establecer\u00edan por APLITEC INFORMATICA S.L. en un documento espec\u00edfico al efecto, o para los pactos concretos que se puedan acordar con los clientes.<\/p>\t\t\t\t\t\t\t\t<\/div>\n\t\t\t\t<div class=\"elementor-element elementor-element-0d064ce elementor-widget elementor-widget-heading\" data-id=\"0d064ce\" data-element_type=\"widget\" data-e-type=\"widget\" data-widget_type=\"heading.default\">\n\t\t\t\t\t<h2 class=\"elementor-heading-title elementor-size-default\">5. Pol\u00edtica de informaci\u00f3n y publicidad comercial<\/h2>\t\t\t\t<\/div>\n\t\t\t\t<div class=\"elementor-element elementor-element-bd31e79 elementor-widget elementor-widget-text-editor\" data-id=\"bd31e79\" data-element_type=\"widget\" data-e-type=\"widget\" data-widget_type=\"text-editor.default\">\n\t\t\t\t\t\t\t\t\t<p>APLITEC INFORMATICA S.L. se compromete a trav\u00e9s de este medio a no realizar publicidad enga\u00f1osa. A estos efectos, por tanto, no ser\u00e1n considerados como publicidad enga\u00f1osa los errores formales o num\u00e9ricos que puedan encontrarse a lo largo del contenido de las diferentes secciones de la Web, producidos como consecuencia de un mantenimiento y\/o actualizaci\u00f3n incompleta de la informaci\u00f3n contenida en estas secciones. APLITEC INFORMATICA S.L., como consecuencia de lo que dispone este apartado, se compromete a corregirlo tan pronto como tenga conocimiento de estos errores.  <\/p><p> <\/p><p>APLITEC INFORMATICA S.L. se compromete a no remitir comunicaciones comerciales sin identificarlas como tales, conforme a lo dispuesto en la Ley 34\/2002 de Servicios de la Sociedad de la Informaci\u00f3n y de comercio electr\u00f3nico. A estos efectos no ser\u00e1 considerado como comunicaci\u00f3n comercial toda la informaci\u00f3n que se env\u00ede a los clientes de APLITEC INFORMATICA S.L. que tenga por finalidad el mantenimiento de la relaci\u00f3n contractual existente entre cliente y APLITEC INFORMATICA S.L., as\u00ed como el cumplimiento de las tareas de informaci\u00f3n y otras actividades propias del servicio que el cliente tiene contratado. <\/p><p> <\/p><p>En el caso de recibir comunicaciones por estos medios (correos electr\u00f3nicos, mensajes de respuesta automatizada de formularios, y otros sistemas de comunicaci\u00f3n) le informamos que los mensajes se dirigen exclusivamente a su destinatario y puede contener informaci\u00f3n privilegiada o confidencial. Si no es vd. el destinatario indicado, queda notificado que la utilizaci\u00f3n, divulgaci\u00f3n y\/o copia sin autorizaci\u00f3n est\u00e1 prohibida en virtud de la legislaci\u00f3n vigente.  <\/p><p> <\/p><p>De conformidad con lo establecido en la Ley 34\/2002 de 11 de julio, de Servicios de la Sociedad de la Informaci\u00f3n y del Comercio Electr\u00f3nico, y la Directiva 2002\/58\/CE le comunicamos que en el supuesto de que no desee recibir comunicaciones e informaciones de \u00edndole comercial mediante este sistema de comunicaci\u00f3n electr\u00f3nica, nos lo indique por esta misma v\u00eda indicando en el asunto BAJA COMUNICACIONES para que sus datos personales sean dados de baja de nuestra base. de datos. Su solicitud ser\u00e1 accionada en un plazo de 10 d\u00edas desde su env\u00edo. En el supuesto de que no recibamos contestaci\u00f3n expresa por su parte, entenderemos que acepta y autoriza que nuestra empresa siga realizando las referidas comunicaciones.  <\/p>\t\t\t\t\t\t\t\t<\/div>\n\t\t\t\t<div class=\"elementor-element elementor-element-0a0d05b elementor-widget elementor-widget-heading\" data-id=\"0a0d05b\" data-element_type=\"widget\" data-e-type=\"widget\" data-widget_type=\"heading.default\">\n\t\t\t\t\t<h2 class=\"elementor-heading-title elementor-size-default\">6. Pol\u00edtica de enlaces<\/h2>\t\t\t\t<\/div>\n\t\t\t\t<div class=\"elementor-element elementor-element-918b707 elementor-widget elementor-widget-text-editor\" data-id=\"918b707\" data-element_type=\"widget\" data-e-type=\"widget\" data-widget_type=\"text-editor.default\">\n\t\t\t\t\t\t\t\t\t<p>El Usuario o tercero que realice un hiperv\u00ednculo desde una p\u00e1gina web de otro, diferente, sitio web en el Sitio Web de saber que:<\/p><p> <\/p><p>No se permite la reproducci\u00f3n -total o parcialmente- de ninguno de los Contenidos y\/o Servicios del Sitio Web sin autorizaci\u00f3n expresa de APLITEC INFORMATICA S.L.<\/p><p> <\/p><p>No se permite tampoco ninguna manifestaci\u00f3n falsa, inexacta o incorrecta sobre el Sitio Web de APLICACI\u00d3N INFORMATICA S.L., ni sobre los Contenidos y\/o Servicios del mismo.<\/p><p> <\/p><p>A excepci\u00f3n del hiperv\u00ednculo, el sitio web en el que se establezca este hiperenlace no contendr\u00e1 ning\u00fan elemento, de este Sitio Web, protegido como propiedad intelectual por el ordenamiento jur\u00eddico espa\u00f1ol, salvo autorizaci\u00f3n expresa de APLITEC INFORMATICA S.L.<\/p><p> <\/p><p>El establecimiento del hiperv\u00ednculo no implicar\u00e1 la existencia de relaciones entre APLITEC INFORMATICA S.L. y el titular del sitio web desde el que se realice, ni el conocimiento y aceptaci\u00f3n de APLITEC INFORMATICA S.L. de los contenidos, servicios y\/o actividades ofrecidas en este sitio web, y viceversa.<\/p>\t\t\t\t\t\t\t\t<\/div>\n\t\t\t\t<div class=\"elementor-element elementor-element-766bf08 elementor-widget elementor-widget-heading\" data-id=\"766bf08\" data-element_type=\"widget\" data-e-type=\"widget\" data-widget_type=\"heading.default\">\n\t\t\t\t\t<h2 class=\"elementor-heading-title elementor-size-default\">7. Redes sociales<\/h2>\t\t\t\t<\/div>\n\t\t\t\t<div class=\"elementor-element elementor-element-2cd660a elementor-widget elementor-widget-text-editor\" data-id=\"2cd660a\" data-element_type=\"widget\" data-e-type=\"widget\" data-widget_type=\"text-editor.default\">\n\t\t\t\t\t\t\t\t\t<p>Le informamos que puede tener presencia en redes sociales. El tratamiento de los datos que se lleve a cabo de las personas que se hagan seguidoras en las redes sociales (y\/o realicen cualquier v\u00ednculo o acci\u00f3n de conexi\u00f3n a trav\u00e9s de las redes sociales) de las p\u00e1ginas oficiales de se regir\u00e1 por este apartado, as\u00ed como por aquellas condiciones de uso, pol\u00edticas de privacidad y normativas de acceso que pertenezcan a la red social que proceda en cada caso y aceptadas previamente por el usuario. <\/p>\t\t\t\t\t\t\t\t<\/div>\n\t\t\t\t<div class=\"elementor-element elementor-element-80dec4e elementor-widget elementor-widget-heading\" data-id=\"80dec4e\" data-element_type=\"widget\" data-e-type=\"widget\" data-widget_type=\"heading.default\">\n\t\t\t\t\t<h2 class=\"elementor-heading-title elementor-size-default\">8. Jurisdicci\u00f3n y leyes aplicables<\/h2>\t\t\t\t<\/div>\n\t\t\t\t<div class=\"elementor-element elementor-element-245ffa0 elementor-widget elementor-widget-text-editor\" data-id=\"245ffa0\" data-element_type=\"widget\" data-e-type=\"widget\" data-widget_type=\"text-editor.default\">\n\t\t\t\t\t\t\t\t\t<p>El uso de este sitio web implica la aceptaci\u00f3n plena de los t\u00e9rminos del presente aviso legal. El presente Aviso Legal y todas las relaciones que se establezcan entre APLITEC INFORMATICA S.L. el Usuario de la Web y sus servicios se regir\u00e1n por lo establecido en la legislaci\u00f3n espa\u00f1ola. <\/p><p>\u00daltima actualizaci\u00f3n: 02\/07\/24<\/p>\t\t\t\t\t\t\t\t<\/div>\n\t\t\t\t\t<\/div>\n\t\t\t\t<\/div>\n\t\t\t\t<\/div>\n\t\t","protected":false},"excerpt":{"rendered":"<p>Aviso Legal Aplitec Inform\u00e0tica 1. Informaci\u00f3n del titular En cumplimiento del art\u00edculo 10 de la Ley 34\/2002, de 11 de julio, de Servicios de la Sociedad de la Informaci\u00f3n y Comercio Electr\u00f3nico, a continuaci\u00f3n, se exponen los datos identificativos del Titular: Web: Inicio Titular: APLITEC INFORMATICA S.L. Direcci\u00f3n: Avenida de Francia, 173 \u2013 175. 17840-Sarri\u00e0 [&hellip;]<\/p>\n","protected":false},"author":1,"featured_media":0,"parent":0,"menu_order":0,"comment_status":"closed","ping_status":"closed","template":"","meta":{"footnotes":""},"folder":[50],"class_list":["post-13367","page","type-page","status-publish","hentry"],"_links":{"self":[{"href":"https:\/\/aplitecinformatica.com\/es\/wp-json\/wp\/v2\/pages\/13367","targetHints":{"allow":["GET"]}}],"collection":[{"href":"https:\/\/aplitecinformatica.com\/es\/wp-json\/wp\/v2\/pages"}],"about":[{"href":"https:\/\/aplitecinformatica.com\/es\/wp-json\/wp\/v2\/types\/page"}],"author":[{"embeddable":true,"href":"https:\/\/aplitecinformatica.com\/es\/wp-json\/wp\/v2\/users\/1"}],"replies":[{"embeddable":true,"href":"https:\/\/aplitecinformatica.com\/es\/wp-json\/wp\/v2\/comments?post=13367"}],"version-history":[{"count":0,"href":"https:\/\/aplitecinformatica.com\/es\/wp-json\/wp\/v2\/pages\/13367\/revisions"}],"wp:attachment":[{"href":"https:\/\/aplitecinformatica.com\/es\/wp-json\/wp\/v2\/media?parent=13367"}],"wp:term":[{"taxonomy":"folder","embeddable":true,"href":"https:\/\/aplitecinformatica.com\/es\/wp-json\/wp\/v2\/folder?post=13367"}],"curies":[{"name":"wp","href":"https:\/\/api.w.org\/{rel}","templated":true}]}}