{"id":11476,"date":"2025-09-02T14:42:50","date_gmt":"2025-09-02T12:42:50","guid":{"rendered":"https:\/\/aplitecinformatica.com\/contacto\/"},"modified":"2026-03-21T11:30:22","modified_gmt":"2026-03-21T10:30:22","slug":"contacto","status":"publish","type":"page","link":"https:\/\/aplitecinformatica.com\/es\/contacto\/","title":{"rendered":"Contacto"},"content":{"rendered":"\t\t<div data-elementor-type=\"wp-page\" data-elementor-id=\"11476\" class=\"elementor elementor-11476 elementor-29\" data-elementor-post-type=\"page\">\n\t\t\t\t<div class=\"elementor-element elementor-element-a9b303d e-flex e-con-boxed e-con e-parent\" data-id=\"a9b303d\" data-element_type=\"container\" data-e-type=\"container\" data-settings=\"{&quot;background_background&quot;:&quot;classic&quot;}\">\n\t\t\t\t\t<div class=\"e-con-inner\">\n\t\t\t\t<div class=\"elementor-element elementor-element-d5c7184 elementor-widget elementor-widget-heading\" data-id=\"d5c7184\" data-element_type=\"widget\" data-e-type=\"widget\" data-widget_type=\"heading.default\">\n\t\t\t\t\t<h2 class=\"elementor-heading-title elementor-size-default\">\u00bfHablamos?<\/h2>\t\t\t\t<\/div>\n\t\t\t\t<div class=\"elementor-element elementor-element-4e4485f elementor-widget elementor-widget-heading\" data-id=\"4e4485f\" data-element_type=\"widget\" data-e-type=\"widget\" data-widget_type=\"heading.default\">\n\t\t\t\t\t<h1 class=\"elementor-heading-title elementor-size-default\">Contacta con Aplitec Inform\u00e1tica en Girona<\/h1>\t\t\t\t<\/div>\n\t\t\t\t<div class=\"elementor-element elementor-element-3a04ec6 elementor-widget__width-initial elementor-widget elementor-widget-heading\" data-id=\"3a04ec6\" data-element_type=\"widget\" data-e-type=\"widget\" data-widget_type=\"heading.default\">\n\t\t\t\t\t<p class=\"elementor-heading-title elementor-size-default\">D\u00edganos qu\u00e9 necesitas y nuestro equipo t\u00e9cnico te ayudar\u00e1 a encontrar la mejor soluci\u00f3n inform\u00e1tica para tu empresa en Girona o provincia.<\/p>\t\t\t\t<\/div>\n\t\t\t\t<div class=\"elementor-element elementor-element-adf0823 elementor-widget__width-initial elementor-widget-tablet__width-inherit elementor-invisible elementor-widget elementor-widget-wpforms\" data-id=\"adf0823\" data-element_type=\"widget\" data-e-type=\"widget\" data-settings=\"{&quot;_animation&quot;:&quot;slideInUp&quot;}\" data-widget_type=\"wpforms.default\">\n\t\t\t\t<div class=\"elementor-widget-container\">\n\t\t\t\t\t<style id=\"wpforms-css-vars-elementor-widget-adf0823\">\n\t\t\t\t.elementor-widget-wpforms.elementor-element-adf0823 {\n\t\t\t\t--wpforms-page-break-color: #D3033B;\n\t\t\t}\n\t\t\t<\/style><div class=\"wpforms-container wpforms-container-full wpforms-render-modern\" id=\"wpforms-1565\"><form id=\"wpforms-form-1565\" class=\"wpforms-validate wpforms-form wpforms-ajax-form\" data-formid=\"1565\" method=\"post\" enctype=\"multipart\/form-data\" action=\"\/es\/wp-json\/wp\/v2\/pages\/11476\" data-token=\"5c73a661d444971f776c2965528ecc9a\" data-token-time=\"1777514446\"><noscript class=\"wpforms-error-noscript\">Por favor, activa JavaScript en tu navegador para completar este formulario.<\/noscript><div id=\"wpforms-error-noscript\" style=\"display: none;\">Por favor, activa JavaScript en tu navegador para completar este formulario.<\/div><div class=\"wpforms-field-container\">\t\t<div id=\"wpforms-1565-field_2-container\"\n\t\t\tclass=\"wpforms-field wpforms-field-text\"\n\t\t\tdata-field-type=\"text\"\n\t\t\tdata-field-id=\"2\"\n\t\t\t>\n\t\t\t<label class=\"wpforms-field-label\" for=\"wpforms-1565-field_2\" >Nom Electr\u00f2nic Legal<\/label>\n\t\t\t<input type=\"text\" id=\"wpforms-1565-field_2\" class=\"wpforms-field-medium\" name=\"wpforms[fields][2]\" >\n\t\t<\/div>\n\t\t<div id=\"wpforms-1565-field_1-container\" class=\"wpforms-field wpforms-field-name wpforms-one-half wpforms-first\" data-field-id=\"1\"><label class=\"wpforms-field-label\" for=\"wpforms-1565-field_1\">Nom <span class=\"wpforms-required-label\" aria-hidden=\"true\">*<\/span><\/label><input type=\"text\" id=\"wpforms-1565-field_1\" class=\"wpforms-field-large wpforms-field-required\" name=\"wpforms[fields][1]\" aria-errormessage=\"wpforms-1565-field_1-error\" required><\/div><div id=\"wpforms-1565-field_4-container\" class=\"wpforms-field wpforms-field-name wpforms-one-half\" data-field-id=\"4\"><label class=\"wpforms-field-label\" for=\"wpforms-1565-field_4\">Correu Electr\u00f2nic <span class=\"wpforms-required-label\" aria-hidden=\"true\">*<\/span><\/label><input type=\"text\" id=\"wpforms-1565-field_4\" class=\"wpforms-field-large wpforms-field-required\" name=\"wpforms[fields][4]\" aria-errormessage=\"wpforms-1565-field_4-error\" required><\/div><div id=\"wpforms-1565-field_9-container\" class=\"wpforms-field wpforms-field-number wpforms-one-half wpforms-first\" data-field-id=\"9\"><label class=\"wpforms-field-label\" for=\"wpforms-1565-field_9\">Tel\u00e8fon <span class=\"wpforms-required-label\" aria-hidden=\"true\">*<\/span><\/label><input type=\"number\" id=\"wpforms-1565-field_9\" class=\"wpforms-field-large wpforms-field-required\" name=\"wpforms[fields][9]\" step=\"any\" aria-errormessage=\"wpforms-1565-field_9-error\" required><\/div><div id=\"wpforms-1565-field_5-container\" class=\"wpforms-field wpforms-field-name wpforms-one-half\" data-field-id=\"5\"><label class=\"wpforms-field-label\" for=\"wpforms-1565-field_5\">Empresa <span class=\"wpforms-required-label\" aria-hidden=\"true\">*<\/span><\/label><input type=\"text\" id=\"wpforms-1565-field_5\" class=\"wpforms-field-large wpforms-field-required\" name=\"wpforms[fields][5]\" aria-errormessage=\"wpforms-1565-field_5-error\" required><\/div><div id=\"wpforms-1565-field_3-container\" class=\"wpforms-field wpforms-field-textarea\" data-field-id=\"3\"><label class=\"wpforms-field-label\" for=\"wpforms-1565-field_3\">Missatge<\/label><textarea id=\"wpforms-1565-field_3\" class=\"wpforms-field-medium\" name=\"wpforms[fields][3]\" aria-errormessage=\"wpforms-1565-field_3-error\" ><\/textarea><\/div><div id=\"wpforms-1565-field_7-container\" class=\"wpforms-field wpforms-field-checkbox\" data-field-id=\"7\"><fieldset><legend class=\"wpforms-field-label\">Av\u00eds Legal <span class=\"wpforms-required-label\" aria-hidden=\"true\">*<\/span><\/legend><ul id=\"wpforms-1565-field_7\" class=\"wpforms-field-required\"><li class=\"choice-1 depth-1\"><input type=\"checkbox\" id=\"wpforms-1565-field_7_1\" name=\"wpforms[fields][7][]\" value=\"He llegit i accepto la &lt;a href=&quot;\/politica-de-privacitat\/&quot; target=&quot;_blank&quot;&gt;Pol\u00edtica de privacitat&lt;\/a&gt;\" aria-errormessage=\"wpforms-1565-field_7_1-error\" aria-describedby=\"wpforms-1565-field_7-description\" required ><label class=\"wpforms-field-label-inline\" for=\"wpforms-1565-field_7_1\">He llegit i accepto la <a href=\"\/politica-de-privacitat\/\" target=\"_blank\">Pol\u00edtica de privacitat<\/a><\/label><\/li><\/ul><div id=\"wpforms-1565-field_7-description\" class=\"wpforms-field-description\"><p style=\"font-size:13px;line-height:1.4;\">\nAPLITEC INFORMATICA S.L. t'informa que les dades de car\u00e0cter personal que ens proporcionis\nemplenant el present formulari seran tractades per APLITEC INFORMATICA S.L.\nLa finalitat de la recollida i tractament de les dades personals que sol\u00b7licitem \u00e9s\nenviar-te les nostres publicacions, promocions de productes i\/o serveis i recursos exclusius.\n\nLa legitimaci\u00f3 es realitza a trav\u00e9s del consentiment de la persona interessada.\nT'informem que les dades que ens facilitis les guardar\u00e0 APLITEC INFORMATICA S.L.\n\nPodr\u00e0s exercir els teus drets d'acc\u00e9s, rectificaci\u00f3, limitaci\u00f3, portabilitat, supressi\u00f3\ni cancel\u00b7laci\u00f3 de les dades a\n<a href=\"mailto:jtorrent@central.aplitec.com\">jtorrent@central.aplitec.com<\/a>.\n\nPots consultar la informaci\u00f3 addicional i detallada sobre Protecci\u00f3 de Dades a la nostra\n<a href=\"\/politica-de-privacitat\/\" target=\"_blank\">Pol\u00edtica de privacitat<\/a>.<\/p><\/div><\/fieldset><\/div><script>\n\t\t\t\t( function() {\n\t\t\t\t\tconst style = document.createElement( 'style' );\n\t\t\t\t\tstyle.appendChild( document.createTextNode( '#wpforms-1565-field_2-container { position: absolute !important; overflow: hidden !important; display: inline !important; height: 1px !important; width: 1px !important; z-index: -1000 !important; padding: 0 !important; } #wpforms-1565-field_2-container input { visibility: hidden; } #wpforms-conversational-form-page #wpforms-1565-field_2-container label { counter-increment: none; }' ) );\n\t\t\t\t\tdocument.head.appendChild( style );\n\t\t\t\t\tdocument.currentScript?.remove();\n\t\t\t\t} )();\n\t\t\t<\/script><\/div><!-- .wpforms-field-container --><div class=\"wpforms-recaptcha-container wpforms-is-recaptcha wpforms-is-recaptcha-type-v3\" ><input type=\"hidden\" name=\"wpforms[recaptcha]\" value=\"\"><\/div><div class=\"wpforms-submit-container\" ><input type=\"hidden\" name=\"wpforms[id]\" value=\"1565\"><input type=\"hidden\" name=\"page_title\" value=\"\"><input type=\"hidden\" name=\"page_url\" value=\"https:\/\/aplitecinformatica.com\/es\/wp-json\/wp\/v2\/pages\/11476\"><input type=\"hidden\" name=\"url_referer\" value=\"\"><button type=\"submit\" name=\"wpforms[submit]\" id=\"wpforms-submit-1565\" class=\"wpforms-submit\" data-alt-text=\"S&#039;est\u00e0 enviant...\" data-submit-text=\"Envia\" aria-live=\"assertive\" value=\"wpforms-submit\">Envia<\/button><img decoding=\"async\" src=\"https:\/\/aplitecinformatica.com\/wp-content\/plugins\/wpforms-lite\/assets\/images\/submit-spin.svg\" class=\"wpforms-submit-spinner\" style=\"display: none;\" width=\"26\" height=\"26\" alt=\"Cargando\" title=\"\"><\/div><\/form><\/div>  <!-- .wpforms-container -->\t\t\t\t<\/div>\n\t\t\t\t<\/div>\n\t\t\t\t\t<\/div>\n\t\t\t\t<\/div>\n\t\t<div class=\"elementor-element elementor-element-9f4bfef e-flex e-con-boxed e-con e-parent\" data-id=\"9f4bfef\" data-element_type=\"container\" data-e-type=\"container\">\n\t\t\t\t\t<div class=\"e-con-inner\">\n\t\t<div class=\"elementor-element elementor-element-59e008f e-con-full e-flex e-con e-child\" data-id=\"59e008f\" data-element_type=\"container\" data-e-type=\"container\">\n\t\t\t\t<div class=\"elementor-element elementor-element-bf5bc95 elementor-widget elementor-widget-heading\" data-id=\"bf5bc95\" data-element_type=\"widget\" data-e-type=\"widget\" data-widget_type=\"heading.default\">\n\t\t\t\t\t<h2 class=\"elementor-heading-title elementor-size-default\">Otras formas de contacto:<\/h2>\t\t\t\t<\/div>\n\t\t\t\t<\/div>\n\t\t<div class=\"elementor-element elementor-element-bf85c5b e-con-full e-flex e-con e-child\" data-id=\"bf85c5b\" data-element_type=\"container\" data-e-type=\"container\">\n\t\t<div class=\"elementor-element elementor-element-852fc6d e-con-full e-flex e-con e-child\" data-id=\"852fc6d\" data-element_type=\"container\" data-e-type=\"container\" data-settings=\"{&quot;background_background&quot;:&quot;classic&quot;}\">\n\t\t\t\t<div class=\"elementor-element elementor-element-b28d991 elementor-view-default elementor-widget elementor-widget-icon\" data-id=\"b28d991\" data-element_type=\"widget\" data-e-type=\"widget\" data-widget_type=\"icon.default\">\n\t\t\t\t\t\t\t<div class=\"elementor-icon-wrapper\">\n\t\t\t<div class=\"elementor-icon\">\n\t\t\t<svg aria-hidden=\"true\" class=\"e-font-icon-svg e-fas-envelope\" viewBox=\"0 0 512 512\" xmlns=\"http:\/\/www.w3.org\/2000\/svg\"><path d=\"M502.3 190.8c3.9-3.1 9.7-.2 9.7 4.7V400c0 26.5-21.5 48-48 48H48c-26.5 0-48-21.5-48-48V195.6c0-5 5.7-7.8 9.7-4.7 22.4 17.4 52.1 39.5 154.1 113.6 21.1 15.4 56.7 47.8 92.2 47.6 35.7.3 72-32.8 92.3-47.6 102-74.1 131.6-96.3 154-113.7zM256 320c23.2.4 56.6-29.2 73.4-41.4 132.7-96.3 142.8-104.7 173.4-128.7 5.8-4.5 9.2-11.5 9.2-18.9v-19c0-26.5-21.5-48-48-48H48C21.5 64 0 85.5 0 112v19c0 7.4 3.4 14.3 9.2 18.9 30.6 23.9 40.7 32.4 173.4 128.7 16.8 12.2 50.2 41.8 73.4 41.4z\"><\/path><\/svg>\t\t\t<\/div>\n\t\t<\/div>\n\t\t\t\t\t\t<\/div>\n\t\t\t\t<div class=\"elementor-element elementor-element-7f209e9 elementor-widget elementor-widget-heading\" data-id=\"7f209e9\" data-element_type=\"widget\" data-e-type=\"widget\" data-widget_type=\"heading.default\">\n\t\t\t\t\t<div class=\"elementor-heading-title elementor-size-default\">Env\u00edanos un correo<\/div>\t\t\t\t<\/div>\n\t\t\t\t<div class=\"elementor-element elementor-element-57b6fd3 elementor-widget elementor-widget-heading\" data-id=\"57b6fd3\" data-element_type=\"widget\" data-e-type=\"widget\" data-widget_type=\"heading.default\">\n\t\t\t\t\t<p class=\"elementor-heading-title elementor-size-default\"><a href=\"mailto:comercial@aplitecinformatica.com%20%20\">comercial@aplitecinformatica.com  <\/a><\/p>\t\t\t\t<\/div>\n\t\t\t\t<\/div>\n\t\t<div class=\"elementor-element elementor-element-13bd907 e-con-full e-flex e-con e-child\" data-id=\"13bd907\" data-element_type=\"container\" data-e-type=\"container\" data-settings=\"{&quot;background_background&quot;:&quot;classic&quot;}\">\n\t\t\t\t<div class=\"elementor-element elementor-element-7f27567 elementor-view-default elementor-widget elementor-widget-icon\" data-id=\"7f27567\" data-element_type=\"widget\" data-e-type=\"widget\" data-widget_type=\"icon.default\">\n\t\t\t\t\t\t\t<div class=\"elementor-icon-wrapper\">\n\t\t\t<div class=\"elementor-icon\">\n\t\t\t<svg xmlns=\"http:\/\/www.w3.org\/2000\/svg\" width=\"90\" height=\"90\" viewBox=\"0 0 90 90\" fill=\"none\"><path fill-rule=\"evenodd\" clip-rule=\"evenodd\" d=\"M0 12C0 5.37258 5.37258 0 12 0H78C84.6274 0 90 5.37258 90 12V78C90 84.6274 84.6274 90 78 90H12C5.37258 90 0 84.6274 0 78V12ZM64.6194 55.7933C62.6333 54.3386 60.3946 52.8922 57.9772 51.4474C57.977 51.4473 57.9768 51.4472 57.9767 51.4471V51.4471C57.9765 51.4469 57.9764 51.4468 57.9762 51.4467C56.7085 50.6899 55.075 50.8585 54.0197 51.8885C53.0857 52.7955 52.1939 53.7481 51.3459 54.741C50.3259 55.9363 48.5541 56.115 47.2661 55.2131C45.0998 53.6977 43.006 51.9461 41.0301 49.9702C39.0528 47.9928 37.3028 45.8989 35.7872 43.7343C34.8853 42.4463 35.064 40.6762 36.2593 39.6545C37.2523 38.8065 38.2031 37.9147 39.1118 36.9807C40.1402 35.9237 40.3088 34.2884 39.5518 33.0223C38.1072 30.6046 36.6607 28.3675 35.2058 26.3798C34.2701 25.1019 32.5556 24.6232 31.1327 25.3211C28.233 26.7458 26.1375 29.2105 25.3097 32.9666C24.6354 36.0196 25.0956 39.2059 26.3651 42.0618C28.4371 46.7233 31.5475 51.2937 35.6256 55.3735C39.7054 59.4515 44.2759 62.562 48.9374 64.6357C51.7949 65.9051 54.9795 66.3637 58.0326 65.691C61.7872 64.8615 64.2536 62.7661 65.6781 59.8664C66.3778 58.4452 65.8973 56.729 64.6194 55.7933Z\" fill=\"#121517\"><\/path><\/svg>\t\t\t<\/div>\n\t\t<\/div>\n\t\t\t\t\t\t<\/div>\n\t\t\t\t<div class=\"elementor-element elementor-element-2901f08 elementor-widget elementor-widget-heading\" data-id=\"2901f08\" data-element_type=\"widget\" data-e-type=\"widget\" data-widget_type=\"heading.default\">\n\t\t\t\t\t<div class=\"elementor-heading-title elementor-size-default\">Llamanos<\/div>\t\t\t\t<\/div>\n\t\t\t\t<div class=\"elementor-element elementor-element-d7ca130 elementor-widget elementor-widget-heading\" data-id=\"d7ca130\" data-element_type=\"widget\" data-e-type=\"widget\" data-widget_type=\"heading.default\">\n\t\t\t\t\t<span class=\"elementor-heading-title elementor-size-default\"><a href=\"tel:972%20226%20744\">972 226 744<\/a><\/span>\t\t\t\t<\/div>\n\t\t\t\t<\/div>\n\t\t<div class=\"elementor-element elementor-element-04ec27c e-con-full e-flex e-con e-child\" data-id=\"04ec27c\" data-element_type=\"container\" data-e-type=\"container\" data-settings=\"{&quot;background_background&quot;:&quot;classic&quot;}\">\n\t\t\t\t<div class=\"elementor-element elementor-element-fd212c4 elementor-view-default elementor-widget elementor-widget-icon\" data-id=\"fd212c4\" data-element_type=\"widget\" data-e-type=\"widget\" data-widget_type=\"icon.default\">\n\t\t\t\t\t\t\t<div class=\"elementor-icon-wrapper\">\n\t\t\t<div class=\"elementor-icon\">\n\t\t\t<svg xmlns=\"http:\/\/www.w3.org\/2000\/svg\" width=\"90\" height=\"90\" viewBox=\"0 0 90 90\" fill=\"none\"><path fill-rule=\"evenodd\" clip-rule=\"evenodd\" d=\"M78 0C84.6274 0 90 5.37258 90 12V78C90 84.6274 84.6274 90 78 90H12C5.37258 90 0 84.6274 0 78V12C0 5.37258 5.37258 0 12 0H78ZM28 37C28 26.4193 35.895 19 45.4997 19C55.1043 19 63 26.4193 63 37C63 40.7761 62.1009 43.4037 60.4339 46.3126L46.6779 70.3125C46.4412 70.737 45.989 71 45.5 71C45.011 71 44.5588 70.737 44.3221 70.3125L30.5661 46.3126C28.8991 43.4036 28 40.776 28 37ZM53.5764 36.3333C53.5764 31.914 49.9613 28.3333 45.4997 28.3333C41.038 28.3333 37.4229 31.914 37.4229 36.3333C37.4229 40.7525 41.038 44.3333 45.4997 44.3333C49.9613 44.3333 53.5764 40.7525 53.5764 36.3333Z\" fill=\"#121517\"><\/path><\/svg>\t\t\t<\/div>\n\t\t<\/div>\n\t\t\t\t\t\t<\/div>\n\t\t\t\t<div class=\"elementor-element elementor-element-69233f2 elementor-widget elementor-widget-heading\" data-id=\"69233f2\" data-element_type=\"widget\" data-e-type=\"widget\" data-widget_type=\"heading.default\">\n\t\t\t\t\t<div class=\"elementor-heading-title elementor-size-default\">Ven a visitarnos<\/div>\t\t\t\t<\/div>\n\t\t\t\t<div class=\"elementor-element elementor-element-f80248d elementor-widget elementor-widget-heading\" data-id=\"f80248d\" data-element_type=\"widget\" data-e-type=\"widget\" data-widget_type=\"heading.default\">\n\t\t\t\t\t<p class=\"elementor-heading-title elementor-size-default\">Avenida de Francia, 173-175 17840 Sarri\u00e0 de Ter \/ Girona<\/p>\t\t\t\t<\/div>\n\t\t\t\t<\/div>\n\t\t\t\t<\/div>\n\t\t\t\t\t<\/div>\n\t\t\t\t<\/div>\n\t\t<div class=\"elementor-element elementor-element-3cf6adb e-flex e-con-boxed e-con e-parent\" data-id=\"3cf6adb\" data-element_type=\"container\" data-e-type=\"container\">\n\t\t\t\t\t<div class=\"e-con-inner\">\n\t\t\t\t<div class=\"elementor-element elementor-element-b4af959 elementor-widget-mobile__width-inherit elementor-widget elementor-widget-heading\" data-id=\"b4af959\" data-element_type=\"widget\" data-e-type=\"widget\" data-widget_type=\"heading.default\">\n\t\t\t\t\t<h2 class=\"elementor-heading-title elementor-size-default\">Donde estamos:<\/h2>\t\t\t\t<\/div>\n\t\t\t\t<div class=\"elementor-element elementor-element-578c1fb elementor-widget-mobile__width-inherit elementor-widget elementor-widget-text-editor\" data-id=\"578c1fb\" data-element_type=\"widget\" data-e-type=\"widget\" data-widget_type=\"text-editor.default\">\n\t\t\t\t\t\t\t\t\t<p>Damos servicio inform\u00e1tico y digital a empresas de Girona, Figueres, Olot, Banyoles, Salt, Blanes y el resto del Empord\u00e0 y la Costa Brava.<\/p>\t\t\t\t\t\t\t\t<\/div>\n\t\t\t\t<div class=\"elementor-element elementor-element-4ff0d95 elementor-widget elementor-widget-google_maps\" data-id=\"4ff0d95\" data-element_type=\"widget\" data-e-type=\"widget\" data-widget_type=\"google_maps.default\">\n\t\t\t\t\t\t\t<div class=\"elementor-custom-embed\">\n\t\t\t<iframe loading=\"lazy\"\n\t\t\t\t\tsrc=\"https:\/\/maps.google.com\/maps?q=Aplitec%20Inform%C3%A0tica&#038;t=m&#038;z=14&#038;output=embed&#038;iwloc=near\"\n\t\t\t\t\ttitle=\"Aplitec Inform\u00e0tica\"\n\t\t\t\t\taria-label=\"Aplitec Inform\u00e0tica\"\n\t\t\t><\/iframe>\n\t\t<\/div>\n\t\t\t\t\t\t<\/div>\n\t\t\t\t\t<\/div>\n\t\t\t\t<\/div>\n\t\t\t\t<\/div>\n\t\t","protected":false},"excerpt":{"rendered":"<p>\u00bfHablamos? Contacta con Aplitec Inform\u00e1tica en Girona D\u00edganos qu\u00e9 necesitas y nuestro equipo t\u00e9cnico te ayudar\u00e1 a encontrar la mejor soluci\u00f3n inform\u00e1tica para tu empresa en Girona o provincia. Activeu el JavaScript al navegador per a poder completar el formulari.Activeu el JavaScript al navegador per a poder completar el formulari.Nom * Electr\u00f2nic Nom Legal Correu [&hellip;]<\/p>\n","protected":false},"author":1,"featured_media":0,"parent":0,"menu_order":0,"comment_status":"closed","ping_status":"closed","template":"","meta":{"footnotes":""},"folder":[],"class_list":["post-11476","page","type-page","status-publish","hentry"],"_links":{"self":[{"href":"https:\/\/aplitecinformatica.com\/es\/wp-json\/wp\/v2\/pages\/11476","targetHints":{"allow":["GET"]}}],"collection":[{"href":"https:\/\/aplitecinformatica.com\/es\/wp-json\/wp\/v2\/pages"}],"about":[{"href":"https:\/\/aplitecinformatica.com\/es\/wp-json\/wp\/v2\/types\/page"}],"author":[{"embeddable":true,"href":"https:\/\/aplitecinformatica.com\/es\/wp-json\/wp\/v2\/users\/1"}],"replies":[{"embeddable":true,"href":"https:\/\/aplitecinformatica.com\/es\/wp-json\/wp\/v2\/comments?post=11476"}],"version-history":[{"count":0,"href":"https:\/\/aplitecinformatica.com\/es\/wp-json\/wp\/v2\/pages\/11476\/revisions"}],"wp:attachment":[{"href":"https:\/\/aplitecinformatica.com\/es\/wp-json\/wp\/v2\/media?parent=11476"}],"wp:term":[{"taxonomy":"folder","embeddable":true,"href":"https:\/\/aplitecinformatica.com\/es\/wp-json\/wp\/v2\/folder?post=11476"}],"curies":[{"name":"wp","href":"https:\/\/api.w.org\/{rel}","templated":true}]}}