{"id":11079,"date":"2026-01-02T13:53:46","date_gmt":"2026-01-02T12:53:46","guid":{"rendered":"https:\/\/aplitecinformatica.com\/ofertas\/"},"modified":"2026-04-23T11:56:28","modified_gmt":"2026-04-23T09:56:28","slug":"ofertas","status":"publish","type":"page","link":"https:\/\/aplitecinformatica.com\/es\/ofertas\/","title":{"rendered":"Ofertas"},"content":{"rendered":"\t\t<div data-elementor-type=\"wp-page\" data-elementor-id=\"11079\" class=\"elementor elementor-11079 elementor-6108\" data-elementor-post-type=\"page\">\n\t\t\t\t<div class=\"elementor-element elementor-element-14dac64 e-flex e-con-boxed e-con e-parent\" data-id=\"14dac64\" data-element_type=\"container\" data-e-type=\"container\" data-settings=\"{&quot;background_background&quot;:&quot;classic&quot;}\">\n\t\t\t\t\t<div class=\"e-con-inner\">\n\t\t<div class=\"elementor-element elementor-element-f4ecf9c e-con-full e-flex elementor-invisible e-con e-child\" data-id=\"f4ecf9c\" data-element_type=\"container\" data-e-type=\"container\" data-settings=\"{&quot;animation&quot;:&quot;slideInUp&quot;}\">\n\t\t\t\t<div class=\"elementor-element elementor-element-b1714f6 elementor-widget elementor-widget-heading\" data-id=\"b1714f6\" data-element_type=\"widget\" data-e-type=\"widget\" data-widget_type=\"heading.default\">\n\t\t\t\t\t<h1 class=\"elementor-heading-title elementor-size-default\">Ofertas <\/h1>\t\t\t\t<\/div>\n\t\t\t\t<div class=\"elementor-element elementor-element-e9a574a elementor-widget elementor-widget-heading\" data-id=\"e9a574a\" data-element_type=\"widget\" data-e-type=\"widget\" data-widget_type=\"heading.default\">\n\t\t\t\t\t<div class=\"elementor-heading-title elementor-size-default\">en equipos inform\u00e1ticos y servicios IT en Girona<\/div>\t\t\t\t<\/div>\n\t\t\t\t<div class=\"elementor-element elementor-element-00aa0d4 elementor-widget__width-initial elementor-widget-mobile__width-inherit elementor-widget elementor-widget-text-editor\" data-id=\"00aa0d4\" data-element_type=\"widget\" data-e-type=\"widget\" data-widget_type=\"text-editor.default\">\n\t\t\t\t\t\t\t\t\t<p data-pm-slice=\"1 1 []\">Consulta las \u00faltimas ofertas :<\/p>\t\t\t\t\t\t\t\t<\/div>\n\t\t\t\t<\/div>\n\t\t<div class=\"elementor-element elementor-element-7ecc270 e-grid e-con-full e-con e-child\" data-id=\"7ecc270\" data-element_type=\"container\" data-e-type=\"container\">\n\t\t<div class=\"elementor-element elementor-element-0a68d7f e-con-full card-hover e-flex elementor-invisible e-con e-child\" data-id=\"0a68d7f\" data-element_type=\"container\" data-e-type=\"container\" data-settings=\"{&quot;background_background&quot;:&quot;classic&quot;,&quot;animation&quot;:&quot;slideInUp&quot;,&quot;animation_delay&quot;:0}\">\n\t\t\t\t<div class=\"elementor-element elementor-element-fc2d9cc btn-trapezi-white elementor-tablet-align-right elementor-widget-tablet__width-initial elementor-widget elementor-widget-button\" data-id=\"fc2d9cc\" data-element_type=\"widget\" data-e-type=\"widget\" data-widget_type=\"button.default\">\n\t\t\t\t\t\t\t\t\t\t<a class=\"elementor-button elementor-button-link elementor-size-sm\" href=\"https:\/\/aplitecinformatica.com\/wp-content\/uploads\/2026\/04\/ESP_HP_Computing_PVP_Abril_2026.pdf\" target=\"_blank\" rel=\"nofollow\">\n\t\t\t\t\t\t<span class=\"elementor-button-content-wrapper\">\n\t\t\t\t\t\t<span class=\"elementor-button-icon\">\n\t\t\t\t<i aria-hidden=\"true\" class=\"icon icon-arrow-right\"><\/i>\t\t\t<\/span>\n\t\t\t\t\t\t\t\t\t<span class=\"elementor-button-text\">Consulta las ofertas<\/span>\n\t\t\t\t\t<\/span>\n\t\t\t\t\t<\/a>\n\t\t\t\t\t\t\t\t<\/div>\n\t\t\t\t<div class=\"elementor-element elementor-element-c76be52 elementor-widget elementor-widget-heading\" data-id=\"c76be52\" data-element_type=\"widget\" data-e-type=\"widget\" data-widget_type=\"heading.default\">\n\t\t\t\t\t<h3 class=\"elementor-heading-title elementor-size-default\">Ordenadores, port\u00e1tiles y accesorios HP<\/h3>\t\t\t\t<\/div>\n\t\t\t\t<\/div>\n\t\t<div class=\"elementor-element elementor-element-c237d7f e-con-full card-hover e-flex elementor-invisible e-con e-child\" data-id=\"c237d7f\" data-element_type=\"container\" data-e-type=\"container\" data-settings=\"{&quot;background_background&quot;:&quot;classic&quot;,&quot;animation&quot;:&quot;slideInUp&quot;,&quot;animation_delay&quot;:50}\">\n\t\t\t\t<div class=\"elementor-element elementor-element-7336cf7 btn-trapezi-white elementor-tablet-align-right elementor-widget-tablet__width-initial elementor-widget elementor-widget-button\" data-id=\"7336cf7\" data-element_type=\"widget\" data-e-type=\"widget\" data-widget_type=\"button.default\">\n\t\t\t\t\t\t\t\t\t\t<a class=\"elementor-button elementor-button-link elementor-size-sm\" href=\"https:\/\/aplitecinformatica.com\/wp-content\/uploads\/2026\/03\/ESP_HP_Networking_Agost_2025_PVP.pdf\" target=\"_blank\" rel=\"nofollow\">\n\t\t\t\t\t\t<span class=\"elementor-button-content-wrapper\">\n\t\t\t\t\t\t<span class=\"elementor-button-icon\">\n\t\t\t\t<i aria-hidden=\"true\" class=\"icon icon-arrow-right\"><\/i>\t\t\t<\/span>\n\t\t\t\t\t\t\t\t\t<span class=\"elementor-button-text\">Consulta las ofertas<\/span>\n\t\t\t\t\t<\/span>\n\t\t\t\t\t<\/a>\n\t\t\t\t\t\t\t\t<\/div>\n\t\t\t\t<div class=\"elementor-element elementor-element-65773fa elementor-widget elementor-widget-heading\" data-id=\"65773fa\" data-element_type=\"widget\" data-e-type=\"widget\" data-widget_type=\"heading.default\">\n\t\t\t\t\t<h3 class=\"elementor-heading-title elementor-size-default\">Networking HPE<\/h3>\t\t\t\t<\/div>\n\t\t\t\t<\/div>\n\t\t<div class=\"elementor-element elementor-element-7cdc31f e-con-full card-hover e-flex elementor-invisible e-con e-child\" data-id=\"7cdc31f\" data-element_type=\"container\" data-e-type=\"container\" data-settings=\"{&quot;background_background&quot;:&quot;classic&quot;,&quot;animation&quot;:&quot;slideInUp&quot;,&quot;animation_delay&quot;:100}\">\n\t\t\t\t<div class=\"elementor-element elementor-element-de3f100 btn-trapezi-white elementor-tablet-align-right elementor-widget-tablet__width-initial elementor-widget elementor-widget-button\" data-id=\"de3f100\" data-element_type=\"widget\" data-e-type=\"widget\" data-widget_type=\"button.default\">\n\t\t\t\t\t\t\t\t\t\t<a class=\"elementor-button elementor-button-link elementor-size-sm\" href=\"https:\/\/aplitecinformatica.com\/wp-content\/uploads\/2026\/04\/ESP_HPE_Servers_PVP_Abril_2026.pdf\" target=\"_blank\" rel=\"nofollow\">\n\t\t\t\t\t\t<span class=\"elementor-button-content-wrapper\">\n\t\t\t\t\t\t<span class=\"elementor-button-icon\">\n\t\t\t\t<i aria-hidden=\"true\" class=\"icon icon-arrow-right\"><\/i>\t\t\t<\/span>\n\t\t\t\t\t\t\t\t\t<span class=\"elementor-button-text\">Consulta las ofertas<\/span>\n\t\t\t\t\t<\/span>\n\t\t\t\t\t<\/a>\n\t\t\t\t\t\t\t\t<\/div>\n\t\t\t\t<div class=\"elementor-element elementor-element-bc20263 elementor-widget elementor-widget-heading\" data-id=\"bc20263\" data-element_type=\"widget\" data-e-type=\"widget\" data-widget_type=\"heading.default\">\n\t\t\t\t\t<h3 class=\"elementor-heading-title elementor-size-default\">Servidores HPE<\/h3>\t\t\t\t<\/div>\n\t\t\t\t<\/div>\n\t\t<div class=\"elementor-element elementor-element-bb693a7 e-con-full card-hover e-flex elementor-invisible e-con e-child\" data-id=\"bb693a7\" data-element_type=\"container\" data-e-type=\"container\" data-settings=\"{&quot;background_background&quot;:&quot;classic&quot;,&quot;animation&quot;:&quot;slideInUp&quot;,&quot;animation_delay&quot;:150}\">\n\t\t\t\t<div class=\"elementor-element elementor-element-d91909d btn-trapezi-white elementor-tablet-align-right elementor-widget-tablet__width-initial elementor-widget elementor-widget-button\" data-id=\"d91909d\" data-element_type=\"widget\" data-e-type=\"widget\" data-widget_type=\"button.default\">\n\t\t\t\t\t\t\t\t\t\t<a class=\"elementor-button elementor-button-link elementor-size-sm\" href=\"https:\/\/aplitecinformatica.com\/wp-content\/uploads\/2026\/04\/ESP_HP_Printing_PVP_Abril_2026.pdf\" target=\"_blank\" rel=\"nofollow\">\n\t\t\t\t\t\t<span class=\"elementor-button-content-wrapper\">\n\t\t\t\t\t\t<span class=\"elementor-button-icon\">\n\t\t\t\t<i aria-hidden=\"true\" class=\"icon icon-arrow-right\"><\/i>\t\t\t<\/span>\n\t\t\t\t\t\t\t\t\t<span class=\"elementor-button-text\">Consulta las ofertas<\/span>\n\t\t\t\t\t<\/span>\n\t\t\t\t\t<\/a>\n\t\t\t\t\t\t\t\t<\/div>\n\t\t\t\t<div class=\"elementor-element elementor-element-ae89919 elementor-widget elementor-widget-heading\" data-id=\"ae89919\" data-element_type=\"widget\" data-e-type=\"widget\" data-widget_type=\"heading.default\">\n\t\t\t\t\t<h3 class=\"elementor-heading-title elementor-size-default\">Impresoras HP<\/h3>\t\t\t\t<\/div>\n\t\t\t\t<\/div>\n\t\t\t\t<\/div>\n\t\t\t\t\t<\/div>\n\t\t\t\t<\/div>\n\t\t\t\t<\/div>\n\t\t","protected":false},"excerpt":{"rendered":"<p>Ofertas en equipos inform\u00e1ticos y servicios IT en Girona Consulta las \u00faltimas ofertas : Consulta las ofertas Ordenadores, port\u00e1tiles y accesorios HP Consulta las ofertas Networking HPE Consulta las ofertas Servidores HPE Consulta las ofertas Impresoras HP<\/p>\n","protected":false},"author":1,"featured_media":0,"parent":0,"menu_order":0,"comment_status":"closed","ping_status":"closed","template":"","meta":{"footnotes":""},"folder":[35],"class_list":["post-11079","page","type-page","status-publish","hentry"],"_links":{"self":[{"href":"https:\/\/aplitecinformatica.com\/es\/wp-json\/wp\/v2\/pages\/11079","targetHints":{"allow":["GET"]}}],"collection":[{"href":"https:\/\/aplitecinformatica.com\/es\/wp-json\/wp\/v2\/pages"}],"about":[{"href":"https:\/\/aplitecinformatica.com\/es\/wp-json\/wp\/v2\/types\/page"}],"author":[{"embeddable":true,"href":"https:\/\/aplitecinformatica.com\/es\/wp-json\/wp\/v2\/users\/1"}],"replies":[{"embeddable":true,"href":"https:\/\/aplitecinformatica.com\/es\/wp-json\/wp\/v2\/comments?post=11079"}],"version-history":[{"count":0,"href":"https:\/\/aplitecinformatica.com\/es\/wp-json\/wp\/v2\/pages\/11079\/revisions"}],"wp:attachment":[{"href":"https:\/\/aplitecinformatica.com\/es\/wp-json\/wp\/v2\/media?parent=11079"}],"wp:term":[{"taxonomy":"folder","embeddable":true,"href":"https:\/\/aplitecinformatica.com\/es\/wp-json\/wp\/v2\/folder?post=11079"}],"curies":[{"name":"wp","href":"https:\/\/api.w.org\/{rel}","templated":true}]}}