{"id":11048,"date":"2025-12-11T12:56:35","date_gmt":"2025-12-11T11:56:35","guid":{"rendered":"https:\/\/aplitecinformatica.com\/declaracion-responsable\/"},"modified":"2026-03-16T23:34:03","modified_gmt":"2026-03-16T22:34:03","slug":"declaracion-responsable","status":"publish","type":"page","link":"https:\/\/aplitecinformatica.com\/es\/verifactu\/declaracion-responsable\/","title":{"rendered":"Declaraci\u00f3n Responsable"},"content":{"rendered":"\t\t<div data-elementor-type=\"wp-page\" data-elementor-id=\"11048\" class=\"elementor elementor-11048 elementor-5624\" data-elementor-post-type=\"page\">\n\t\t\t\t<div class=\"elementor-element elementor-element-2288fb1 e-flex e-con-boxed e-con e-parent\" data-id=\"2288fb1\" data-element_type=\"container\" data-e-type=\"container\" data-settings=\"{&quot;background_background&quot;:&quot;classic&quot;}\">\n\t\t\t\t\t<div class=\"e-con-inner\">\n\t\t<div class=\"elementor-element elementor-element-33ba4b0 e-con-full e-flex e-con e-child\" data-id=\"33ba4b0\" data-element_type=\"container\" data-e-type=\"container\">\n\t\t\t\t<div class=\"elementor-element elementor-element-7a79614 elementor-widget__width-inherit elementor-widget elementor-widget-heading\" data-id=\"7a79614\" data-element_type=\"widget\" data-e-type=\"widget\" data-widget_type=\"heading.default\">\n\t\t\t\t\t<h1 class=\"elementor-heading-title elementor-size-default\">Declaraci\u00f3n Responsable VeriFactu<\/h1>\t\t\t\t<\/div>\n\t\t\t\t<div class=\"elementor-element elementor-element-bb6ca1c elementor-widget elementor-widget-text-editor\" data-id=\"bb6ca1c\" data-element_type=\"widget\" data-e-type=\"widget\" data-widget_type=\"text-editor.default\">\n\t\t\t\t\t\t\t\t\t<p data-start=\"323\" data-end=\"520\">En cumplimiento de la normativa vigente sobre el sistema VERI*FACTU, Aplitec Inform\u00e1tica pone a disposici\u00f3n de empresas y aut\u00f3nomos la documentaci\u00f3n legal obligatoria asociada a nuestro software ERP.<\/p><p data-start=\"522\" data-end=\"597\">En esta secci\u00f3n se puede descargar los documentos oficiales en formato PDF<\/p><p data-start=\"697\" data-end=\"861\"><span style=\"color: #000000;\"><em data-start=\"697\" data-end=\"861\">Estos documentos son de uso exclusivo para tr\u00e1mites legales y de cumplimiento normativo. No contienen informaci\u00f3n t\u00e9cnica adicional sobre el funcionamiento del software. <\/em><\/span><\/p>\t\t\t\t\t\t\t\t<\/div>\n\t\t\t\t<\/div>\n\t\t\t\t\t<\/div>\n\t\t\t\t<\/div>\n\t\t<div class=\"elementor-element elementor-element-bae3fa7 e-flex e-con-boxed e-con e-parent\" data-id=\"bae3fa7\" data-element_type=\"container\" data-e-type=\"container\" data-settings=\"{&quot;background_background&quot;:&quot;classic&quot;}\">\n\t\t\t\t\t<div class=\"e-con-inner\">\n\t\t<div class=\"elementor-element elementor-element-b0a8a6c e-con-full e-flex e-con e-child\" data-id=\"b0a8a6c\" data-element_type=\"container\" data-e-type=\"container\" data-settings=\"{&quot;background_background&quot;:&quot;classic&quot;}\">\n\t\t\t\t<div class=\"elementor-element elementor-element-78af96e elementor-widget__width-inherit elementor-widget elementor-widget-heading\" data-id=\"78af96e\" data-element_type=\"widget\" data-e-type=\"widget\" data-widget_type=\"heading.default\">\n\t\t\t\t\t<h2 class=\"elementor-heading-title elementor-size-default\">Actualizaciones de la Declaraci\u00f3n Responsable Verifactu<\/h2>\t\t\t\t<\/div>\n\t\t\t\t<div class=\"elementor-element elementor-element-cddabc0 elementor-widget elementor-widget-text-editor\" data-id=\"cddabc0\" data-element_type=\"widget\" data-e-type=\"widget\" data-widget_type=\"text-editor.default\">\n\t\t\t\t\t\t\t\t\t<p>Hist\u00f3rico de actualizaciones:<\/p>\t\t\t\t\t\t\t\t<\/div>\n\t\t\t\t<div class=\"elementor-element elementor-element-476f26f elementor-grid-1 elementor-posts--thumbnail-none elementor-posts--align-left elementor-grid-tablet-2 elementor-grid-mobile-1 elementor-widget elementor-widget-posts\" data-id=\"476f26f\" data-element_type=\"widget\" data-e-type=\"widget\" data-settings=\"{&quot;classic_columns&quot;:&quot;1&quot;,&quot;classic_row_gap&quot;:{&quot;unit&quot;:&quot;px&quot;,&quot;size&quot;:15,&quot;sizes&quot;:[]},&quot;classic_columns_tablet&quot;:&quot;2&quot;,&quot;classic_columns_mobile&quot;:&quot;1&quot;,&quot;classic_row_gap_tablet&quot;:{&quot;unit&quot;:&quot;px&quot;,&quot;size&quot;:&quot;&quot;,&quot;sizes&quot;:[]},&quot;classic_row_gap_mobile&quot;:{&quot;unit&quot;:&quot;px&quot;,&quot;size&quot;:&quot;&quot;,&quot;sizes&quot;:[]}}\" data-widget_type=\"posts.classic\">\n\t\t\t\t<div class=\"elementor-widget-container\">\n\t\t\t\t\t\t\t<div class=\"elementor-posts-container elementor-posts elementor-posts--skin-classic elementor-grid\" role=\"list\">\n\t\t\t\t<article class=\"elementor-post elementor-grid-item post-14565 post type-post status-publish format-standard has-post-thumbnail hentry category-blog\" role=\"listitem\">\n\t\t\t\t<div class=\"elementor-post__text\">\n\t\t\t\t<span class=\"elementor-post__title\">\n\t\t\t<a href=\"https:\/\/aplitecinformatica.com\/es\/cuanto-cuesta-una-pagina-web-para-una-empresa-en-girona-guia-de-precios-2026\/\" >\n\t\t\t\tCu\u00e1nto cuesta una p\u00e1gina web para una empresa en Girona: Gu\u00eda de precios 2026\t\t\t<\/a>\n\t\t<\/span>\n\t\t\t\t<\/div>\n\t\t\t\t<\/article>\n\t\t\t\t<article class=\"elementor-post elementor-grid-item post-14236 post type-post status-publish format-standard has-post-thumbnail hentry category-blog\" role=\"listitem\">\n\t\t\t\t<div class=\"elementor-post__text\">\n\t\t\t\t<span class=\"elementor-post__title\">\n\t\t\t<a href=\"https:\/\/aplitecinformatica.com\/es\/mejores-proveedores-de-software-erp-en-girona-guia-real-2026\/\" >\n\t\t\t\tMejores Proveedores de Software ERP en Girona | Gu\u00eda Real 2026\t\t\t<\/a>\n\t\t<\/span>\n\t\t\t\t<\/div>\n\t\t\t\t<\/article>\n\t\t\t\t<article class=\"elementor-post elementor-grid-item post-14226 post type-post status-publish format-standard has-post-thumbnail hentry category-blog\" role=\"listitem\">\n\t\t\t\t<div class=\"elementor-post__text\">\n\t\t\t\t<span class=\"elementor-post__title\">\n\t\t\t<a href=\"https:\/\/aplitecinformatica.com\/es\/mejores-empresas-de-mantenimiento-informatico-en-girona-guia-2026\/\" >\n\t\t\t\tMejores Empresas de Mantenimiento Inform\u00e1tico en Girona | Gu\u00eda 2026\t\t\t<\/a>\n\t\t<\/span>\n\t\t\t\t<\/div>\n\t\t\t\t<\/article>\n\t\t\t\t<article class=\"elementor-post elementor-grid-item post-14211 post type-post status-publish format-standard has-post-thumbnail hentry category-blog\" role=\"listitem\">\n\t\t\t\t<div class=\"elementor-post__text\">\n\t\t\t\t<span class=\"elementor-post__title\">\n\t\t\t<a href=\"https:\/\/aplitecinformatica.com\/es\/donde-encontrar-los-mejores-sistemas-tpv-en-girona-guia-real-2026\/\" >\n\t\t\t\tD\u00f3nde encontrar los mejores sistemas TPV en Girona? Gu\u00eda Real 2026\t\t\t<\/a>\n\t\t<\/span>\n\t\t\t\t<\/div>\n\t\t\t\t<\/article>\n\t\t\t\t<article class=\"elementor-post elementor-grid-item post-14192 post type-post status-publish format-standard has-post-thumbnail hentry category-blog\" role=\"listitem\">\n\t\t\t\t<div class=\"elementor-post__text\">\n\t\t\t\t<span class=\"elementor-post__title\">\n\t\t\t<a href=\"https:\/\/aplitecinformatica.com\/es\/comparativa-empresas-diseno-web-girona\/\" >\n\t\t\t\tComparativa de empresas de dise\u00f1o web en Girona | Gu\u00eda 2026\t\t\t<\/a>\n\t\t<\/span>\n\t\t\t\t<\/div>\n\t\t\t\t<\/article>\n\t\t\t\t<article class=\"elementor-post elementor-grid-item post-13580 post type-post status-publish format-standard has-post-thumbnail hentry category-blog\" role=\"listitem\">\n\t\t\t\t<div class=\"elementor-post__text\">\n\t\t\t\t<span class=\"elementor-post__title\">\n\t\t\t<a href=\"https:\/\/aplitecinformatica.com\/es\/foro-gastronomico\/\" >\n\t\t\t\tForo Gastron\u00f3mico\t\t\t<\/a>\n\t\t<\/span>\n\t\t\t\t<\/div>\n\t\t\t\t<\/article>\n\t\t\t\t<article class=\"elementor-post elementor-grid-item post-13588 post type-post status-publish format-standard has-post-thumbnail hentry category-blog\" role=\"listitem\">\n\t\t\t\t<div class=\"elementor-post__text\">\n\t\t\t\t<span class=\"elementor-post__title\">\n\t\t\t<a href=\"https:\/\/aplitecinformatica.com\/es\/acuerdo-comercial-de-aplitec-con-azkoyen\/\" >\n\t\t\t\tAcuerdo comercial de Aplitec con Azkoyen\t\t\t<\/a>\n\t\t<\/span>\n\t\t\t\t<\/div>\n\t\t\t\t<\/article>\n\t\t\t\t<article class=\"elementor-post elementor-grid-item post-13586 post type-post status-publish format-standard has-post-thumbnail hentry category-blog\" role=\"listitem\">\n\t\t\t\t<div class=\"elementor-post__text\">\n\t\t\t\t<span class=\"elementor-post__title\">\n\t\t\t<a href=\"https:\/\/aplitecinformatica.com\/es\/alquiler-de-tpv-por-eventos\/\" >\n\t\t\t\tAlquiler de TPV por eventos\t\t\t<\/a>\n\t\t<\/span>\n\t\t\t\t<\/div>\n\t\t\t\t<\/article>\n\t\t\t\t<article class=\"elementor-post elementor-grid-item post-13587 post type-post status-publish format-standard has-post-thumbnail hentry category-blog\" role=\"listitem\">\n\t\t\t\t<div class=\"elementor-post__text\">\n\t\t\t\t<span class=\"elementor-post__title\">\n\t\t\t<a href=\"https:\/\/aplitecinformatica.com\/es\/terminales-tpv-moviles-para-hosteleria\/\" >\n\t\t\t\tTerminales TPV m\u00f3viles para hosteler\u00eda\t\t\t<\/a>\n\t\t<\/span>\n\t\t\t\t<\/div>\n\t\t\t\t<\/article>\n\t\t\t\t<article class=\"elementor-post elementor-grid-item post-13578 post type-post status-publish format-standard hentry category-declaracion-responsable\" role=\"listitem\">\n\t\t\t\t<div class=\"elementor-post__text\">\n\t\t\t\t<span class=\"elementor-post__title\">\n\t\t\t<a href=\"https:\/\/aplitecinformatica.com\/es\/declaracion-responsable-20260311\/\" >\n\t\t\t\tDeclaraci\u00f3n Responsable (20260311)\t\t\t<\/a>\n\t\t<\/span>\n\t\t\t\t<\/div>\n\t\t\t\t<\/article>\n\t\t\t\t<article class=\"elementor-post elementor-grid-item post-11344 post type-post status-publish format-standard has-post-thumbnail hentry category-diseno-web\" role=\"listitem\">\n\t\t\t\t<div class=\"elementor-post__text\">\n\t\t\t\t<span class=\"elementor-post__title\">\n\t\t\t<a href=\"https:\/\/aplitecinformatica.com\/es\/castell-sant-mori\/\" >\n\t\t\t\tCastell Sant Mori\t\t\t<\/a>\n\t\t<\/span>\n\t\t\t\t<\/div>\n\t\t\t\t<\/article>\n\t\t\t\t<article class=\"elementor-post elementor-grid-item post-11326 post type-post status-publish format-standard has-post-thumbnail hentry category-diseno-web\" role=\"listitem\">\n\t\t\t\t<div class=\"elementor-post__text\">\n\t\t\t\t<span class=\"elementor-post__title\">\n\t\t\t<a href=\"https:\/\/aplitecinformatica.com\/es\/anhelo-agency\/\" >\n\t\t\t\tAnhelo Agency\t\t\t<\/a>\n\t\t<\/span>\n\t\t\t\t<\/div>\n\t\t\t\t<\/article>\n\t\t\t\t<article class=\"elementor-post elementor-grid-item post-13349 post type-post status-publish format-standard has-post-thumbnail hentry category-diseno-grafico\" role=\"listitem\">\n\t\t\t\t<div class=\"elementor-post__text\">\n\t\t\t\t<span class=\"elementor-post__title\">\n\t\t\t<a href=\"https:\/\/aplitecinformatica.com\/es\/can-ricard\/\" >\n\t\t\t\tCan Ricard\t\t\t<\/a>\n\t\t<\/span>\n\t\t\t\t<\/div>\n\t\t\t\t<\/article>\n\t\t\t\t<article class=\"elementor-post elementor-grid-item post-11320 post type-post status-publish format-standard has-post-thumbnail hentry category-diseno-web\" role=\"listitem\">\n\t\t\t\t<div class=\"elementor-post__text\">\n\t\t\t\t<span class=\"elementor-post__title\">\n\t\t\t<a href=\"https:\/\/aplitecinformatica.com\/es\/farmacia-xirgu\/\" >\n\t\t\t\tFarmacia Xirgu\t\t\t<\/a>\n\t\t<\/span>\n\t\t\t\t<\/div>\n\t\t\t\t<\/article>\n\t\t\t\t<article class=\"elementor-post elementor-grid-item post-11314 post type-post status-publish format-standard has-post-thumbnail hentry category-posicionamiento-seo\" role=\"listitem\">\n\t\t\t\t<div class=\"elementor-post__text\">\n\t\t\t\t<span class=\"elementor-post__title\">\n\t\t\t<a href=\"https:\/\/aplitecinformatica.com\/es\/sagrat-cor\/\" >\n\t\t\t\tSagrat Cor\t\t\t<\/a>\n\t\t<\/span>\n\t\t\t\t<\/div>\n\t\t\t\t<\/article>\n\t\t\t\t<article class=\"elementor-post elementor-grid-item post-11308 post type-post status-publish format-standard has-post-thumbnail hentry category-diseno-web\" role=\"listitem\">\n\t\t\t\t<div class=\"elementor-post__text\">\n\t\t\t\t<span class=\"elementor-post__title\">\n\t\t\t<a href=\"https:\/\/aplitecinformatica.com\/es\/agusti-emporda\/\" >\n\t\t\t\tAgust\u00ed Empord\u00e0\t\t\t<\/a>\n\t\t<\/span>\n\t\t\t\t<\/div>\n\t\t\t\t<\/article>\n\t\t\t\t<article class=\"elementor-post elementor-grid-item post-11296 post type-post status-publish format-standard has-post-thumbnail hentry category-diseno-web\" role=\"listitem\">\n\t\t\t\t<div class=\"elementor-post__text\">\n\t\t\t\t<span class=\"elementor-post__title\">\n\t\t\t<a href=\"https:\/\/aplitecinformatica.com\/es\/helena-agency\/\" >\n\t\t\t\tHelena Agency\t\t\t<\/a>\n\t\t<\/span>\n\t\t\t\t<\/div>\n\t\t\t\t<\/article>\n\t\t\t\t<article class=\"elementor-post elementor-grid-item post-11289 post type-post status-publish format-standard has-post-thumbnail hentry category-diseno-web\" role=\"listitem\">\n\t\t\t\t<div class=\"elementor-post__text\">\n\t\t\t\t<span class=\"elementor-post__title\">\n\t\t\t<a href=\"https:\/\/aplitecinformatica.com\/es\/creso-asesores\/\" >\n\t\t\t\tCreso Assessors\t\t\t<\/a>\n\t\t<\/span>\n\t\t\t\t<\/div>\n\t\t\t\t<\/article>\n\t\t\t\t<article class=\"elementor-post elementor-grid-item post-11275 post type-post status-publish format-standard has-post-thumbnail hentry category-diseno-web\" role=\"listitem\">\n\t\t\t\t<div class=\"elementor-post__text\">\n\t\t\t\t<span class=\"elementor-post__title\">\n\t\t\t<a href=\"https:\/\/aplitecinformatica.com\/es\/ebikes-area\/\" >\n\t\t\t\tEbikes Area\t\t\t<\/a>\n\t\t<\/span>\n\t\t\t\t<\/div>\n\t\t\t\t<\/article>\n\t\t\t\t<article class=\"elementor-post elementor-grid-item post-11276 post type-post status-publish format-standard has-post-thumbnail hentry category-diseno-web\" role=\"listitem\">\n\t\t\t\t<div class=\"elementor-post__text\">\n\t\t\t\t<span class=\"elementor-post__title\">\n\t\t\t<a href=\"https:\/\/aplitecinformatica.com\/es\/bufete-susana-ramirez\/\" >\n\t\t\t\tBufete Susana Ram\u00edrez\t\t\t<\/a>\n\t\t<\/span>\n\t\t\t\t<\/div>\n\t\t\t\t<\/article>\n\t\t\t\t<article class=\"elementor-post elementor-grid-item post-11268 post type-post status-publish format-standard has-post-thumbnail hentry category-diseno-web\" role=\"listitem\">\n\t\t\t\t<div class=\"elementor-post__text\">\n\t\t\t\t<span class=\"elementor-post__title\">\n\t\t\t<a href=\"https:\/\/aplitecinformatica.com\/es\/essential-fashion-store\/\" >\n\t\t\t\tEssential Fashion Store\t\t\t<\/a>\n\t\t<\/span>\n\t\t\t\t<\/div>\n\t\t\t\t<\/article>\n\t\t\t\t<article class=\"elementor-post elementor-grid-item post-11262 post type-post status-publish format-standard has-post-thumbnail hentry category-diseno-web\" role=\"listitem\">\n\t\t\t\t<div class=\"elementor-post__text\">\n\t\t\t\t<span class=\"elementor-post__title\">\n\t\t\t<a href=\"https:\/\/aplitecinformatica.com\/es\/anper-consultores\/\" >\n\t\t\t\tAnper Consultors\t\t\t<\/a>\n\t\t<\/span>\n\t\t\t\t<\/div>\n\t\t\t\t<\/article>\n\t\t\t\t<article class=\"elementor-post elementor-grid-item post-11255 post type-post status-publish format-standard has-post-thumbnail hentry category-diseno-web\" role=\"listitem\">\n\t\t\t\t<div class=\"elementor-post__text\">\n\t\t\t\t<span class=\"elementor-post__title\">\n\t\t\t<a href=\"https:\/\/aplitecinformatica.com\/es\/cerrajeria-collell\/\" >\n\t\t\t\tSerralleria Collell\t\t\t<\/a>\n\t\t<\/span>\n\t\t\t\t<\/div>\n\t\t\t\t<\/article>\n\t\t\t\t<\/div>\n\t\t\n\t\t\t\t\t\t<\/div>\n\t\t\t\t<\/div>\n\t\t\t\t<\/div>\n\t\t\t\t\t<\/div>\n\t\t\t\t<\/div>\n\t\t\t\t<\/div>\n\t\t","protected":false},"excerpt":{"rendered":"<p>Declaraci\u00f3n Responsable VeriFactu En cumplimiento de la normativa vigente sobre el sistema VERI*FACTU, Aplitec Inform\u00e1tica pone a disposici\u00f3n de empresas y aut\u00f3nomos la documentaci\u00f3n legal<\/p>\n","protected":false},"author":1,"featured_media":0,"parent":11229,"menu_order":0,"comment_status":"closed","ping_status":"closed","template":"","meta":{"footnotes":""},"folder":[],"class_list":["post-11048","page","type-page","status-publish","hentry"],"_links":{"self":[{"href":"https:\/\/aplitecinformatica.com\/es\/wp-json\/wp\/v2\/pages\/11048","targetHints":{"allow":["GET"]}}],"collection":[{"href":"https:\/\/aplitecinformatica.com\/es\/wp-json\/wp\/v2\/pages"}],"about":[{"href":"https:\/\/aplitecinformatica.com\/es\/wp-json\/wp\/v2\/types\/page"}],"author":[{"embeddable":true,"href":"https:\/\/aplitecinformatica.com\/es\/wp-json\/wp\/v2\/users\/1"}],"replies":[{"embeddable":true,"href":"https:\/\/aplitecinformatica.com\/es\/wp-json\/wp\/v2\/comments?post=11048"}],"version-history":[{"count":0,"href":"https:\/\/aplitecinformatica.com\/es\/wp-json\/wp\/v2\/pages\/11048\/revisions"}],"up":[{"embeddable":true,"href":"https:\/\/aplitecinformatica.com\/es\/wp-json\/wp\/v2\/pages\/11229"}],"wp:attachment":[{"href":"https:\/\/aplitecinformatica.com\/es\/wp-json\/wp\/v2\/media?parent=11048"}],"wp:term":[{"taxonomy":"folder","embeddable":true,"href":"https:\/\/aplitecinformatica.com\/es\/wp-json\/wp\/v2\/folder?post=11048"}],"curies":[{"name":"wp","href":"https:\/\/api.w.org\/{rel}","templated":true}]}}